{"id":8267,"date":"2024-05-12T19:47:49","date_gmt":"2024-05-12T17:47:49","guid":{"rendered":"https:\/\/antykilion.pl\/?post_type=product&#038;p=8267"},"modified":"2026-04-15T14:32:04","modified_gmt":"2026-04-15T12:32:04","slug":"kufer-barokowy-bardzo-wczesny-przelom-xvii-xviii-w-piekny","status":"publish","type":"product","link":"https:\/\/antykilion.pl\/it\/product\/kufer-barokowy-bardzo-wczesny-przelom-xvii-xviii-w-piekny\/","title":{"rendered":"Kufer barokowy bardzo wczesny prze\u0142om XVII\/XVIII w Pi\u0119kny !!!"},"content":{"rendered":"","protected":false},"excerpt":{"rendered":"<p>Kufer barokowy bardzo wczesny prze\u0142om XVII\/XVIII w Pi\u0119kny !!!<\/p>\n<p>o prostych, zbie\u017cnych ku do\u0142owi bokach, z odk\u0142adanym wypuk\u0142ym wiekiem, wsparty na konsolowych n\u00f3\u017ckach, bogato okuty a\u017curowymi pasami z blachy stalowej, kutymi i repusowanymi. Okucia tworz\u0105 na froncie i wieku koronkowy wz\u00f3r. Na bokach kute uchwyty. Zamek wpuszczany, hakowy, jednoryglowy.<\/p>\n<p>Stan: dobry jak na wiek gdzie nigdzie brakuje gwo\u017adzi w okuciach, na plecach kilka \u015brub w okuciach zapewne z powodu wyrobienia dziur, ale to niczemu nie przeszkadza na plecach widoczne naprawy oku\u0107<\/p>\n<p>Pochodzenie: Polska lub Niemcy<\/p>\n<p>Materia\u0142: d\u0119bina<\/p>\n<p>Wymiary: d\u0142ugo\u015b\u0107 122 cm, g\u0142\u0119boko\u015b\u0107 62 cm, wysoko\u015b\u0107 77 cm<\/p>\n<p>Polecam bardzo atrakcyjna cena mebla, warto zainwestowa\u0107 !!!<\/p>","protected":false},"featured_media":11058,"comment_status":"closed","ping_status":"closed","template":"","meta":[],"product_cat":[17,64],"product_tag":[],"class_list":{"0":"post-8267","1":"product","2":"type-product","3":"status-publish","4":"has-post-thumbnail","6":"product_cat-meble","7":"product_cat-skrzynie-meble","9":"entry","10":"has-media","12":"first","13":"instock","14":"taxable","15":"shipping-taxable","16":"purchasable","17":"product-type-simple","18":"has-product-nav","19":"col","20":"span_1_of_3","21":"owp-content-center","22":"owp-thumbs-layout-horizontal","23":"owp-btn-normal","24":"owp-tabs-layout-horizontal"},"aioseo_notices":[],"_links":{"self":[{"href":"https:\/\/antykilion.pl\/it\/wp-json\/wp\/v2\/product\/8267","targetHints":{"allow":["GET"]}}],"collection":[{"href":"https:\/\/antykilion.pl\/it\/wp-json\/wp\/v2\/product"}],"about":[{"href":"https:\/\/antykilion.pl\/it\/wp-json\/wp\/v2\/types\/product"}],"replies":[{"embeddable":true,"href":"https:\/\/antykilion.pl\/it\/wp-json\/wp\/v2\/comments?post=8267"}],"wp:featuredmedia":[{"embeddable":true,"href":"https:\/\/antykilion.pl\/it\/wp-json\/wp\/v2\/media\/11058"}],"wp:attachment":[{"href":"https:\/\/antykilion.pl\/it\/wp-json\/wp\/v2\/media?parent=8267"}],"wp:term":[{"taxonomy":"product_cat","embeddable":true,"href":"https:\/\/antykilion.pl\/it\/wp-json\/wp\/v2\/product_cat?post=8267"},{"taxonomy":"product_tag","embeddable":true,"href":"https:\/\/antykilion.pl\/it\/wp-json\/wp\/v2\/product_tag?post=8267"}],"curies":[{"name":"wp","href":"https:\/\/api.w.org\/{rel}","templated":true}]}}