{"id":8345,"date":"2024-05-19T16:53:45","date_gmt":"2024-05-19T14:53:45","guid":{"rendered":"https:\/\/antykilion.pl\/?post_type=product&#038;p=8345"},"modified":"2026-04-08T12:20:05","modified_gmt":"2026-04-08T10:20:05","slug":"dama-z-wazonem-ecole-de-paris-lata-20-xx-w-sygnowany","status":"publish","type":"product","link":"https:\/\/antykilion.pl\/it\/product\/dama-z-wazonem-ecole-de-paris-lata-20-xx-w-sygnowany\/","title":{"rendered":"Dama z wazonem, Ecole de Paris lata 20 XX w, sygnowany"},"content":{"rendered":"","protected":false},"excerpt":{"rendered":"<p>Dama z wazonem, Ecole de Paris lata 20 XX w, sygnowany<\/p>\n<p>Bardzo dekoracyjny obraz<\/p>\n<p>Obraz klasy muzealnej !!!<\/p>\n<p>Okazja !!!<\/p>\n<p>Tecnica: olio su tela<\/p>\n<p>Stan:\u00a0 Bardzo dobry, na \u015brodku minimalna naprawa<\/p>\n<p>Sygnatura: widoczna na zdj\u0119ciu lewy dolny r\u00f3g, niestety nie mo\u017cemy odczyta\u0107\u00a0<\/p>\n<p>Wymiary: p\u0142\u00f3tno 58 cm na 47 cm z ram\u0105 62 cm na 51cm<\/p>\n<p>Obraz oprawiony w przepi\u0119kn\u0105 ram\u0119<\/p>\n<p>Do ka\u017cdego przedmiotu Galeria wystawia certyfikat.<\/p>","protected":false},"featured_media":10925,"comment_status":"closed","ping_status":"closed","template":"","meta":[],"product_cat":[41,39,40],"product_tag":[],"class_list":{"0":"post-8345","1":"product","2":"type-product","3":"status-publish","4":"has-post-thumbnail","6":"product_cat-malarstwo-dawne","7":"product_cat-dziela-sztuki","8":"product_cat-malarstwo","10":"entry","11":"has-media","13":"first","14":"instock","15":"taxable","16":"shipping-taxable","17":"purchasable","18":"product-type-simple","19":"has-product-nav","20":"col","21":"span_1_of_3","22":"owp-content-center","23":"owp-thumbs-layout-horizontal","24":"owp-btn-normal","25":"owp-tabs-layout-horizontal"},"aioseo_notices":[],"_links":{"self":[{"href":"https:\/\/antykilion.pl\/it\/wp-json\/wp\/v2\/product\/8345","targetHints":{"allow":["GET"]}}],"collection":[{"href":"https:\/\/antykilion.pl\/it\/wp-json\/wp\/v2\/product"}],"about":[{"href":"https:\/\/antykilion.pl\/it\/wp-json\/wp\/v2\/types\/product"}],"replies":[{"embeddable":true,"href":"https:\/\/antykilion.pl\/it\/wp-json\/wp\/v2\/comments?post=8345"}],"wp:featuredmedia":[{"embeddable":true,"href":"https:\/\/antykilion.pl\/it\/wp-json\/wp\/v2\/media\/10925"}],"wp:attachment":[{"href":"https:\/\/antykilion.pl\/it\/wp-json\/wp\/v2\/media?parent=8345"}],"wp:term":[{"taxonomy":"product_cat","embeddable":true,"href":"https:\/\/antykilion.pl\/it\/wp-json\/wp\/v2\/product_cat?post=8345"},{"taxonomy":"product_tag","embeddable":true,"href":"https:\/\/antykilion.pl\/it\/wp-json\/wp\/v2\/product_tag?post=8345"}],"curies":[{"name":"wp","href":"https:\/\/api.w.org\/{rel}","templated":true}]}}