{"id":8360,"date":"2024-05-19T17:53:36","date_gmt":"2024-05-19T15:53:36","guid":{"rendered":"https:\/\/antykilion.pl\/?post_type=product&#038;p=8360"},"modified":"2025-03-23T18:37:08","modified_gmt":"2025-03-23T17:37:08","slug":"zegar-kominkowy-dyrektoriat-braz-diana-z-hartem-koniec-xviii-w","status":"publish","type":"product","link":"https:\/\/antykilion.pl\/it\/product\/zegar-kominkowy-dyrektoriat-braz-diana-z-hartem-koniec-xviii-w\/","title":{"rendered":"Zegar kominkowy Dyrektoriat br\u0105z Diana z hartem koniec XVIII w"},"content":{"rendered":"","protected":false},"excerpt":{"rendered":"<p>Zegar kominkowy Dyrektoriat br\u0105z Diana z hartem koniec XVIII w<\/p>\n<p>Br\u0105z, z\u0142ocony. Po\u015brodku plakieta z alegori\u0105 polowania.<\/p>\n<p>Pochodzenie: zegar kominkowy, francuski,<\/p>\n<p>Condizioni: molto buone dopo la recensione dell&#039;orologiaio.<\/p>\n<p>Materiale: bronzo dorato e patinato<\/p>\n<p>Wymiary: wysoko\u015b\u0107 42 cm, g\u0142\u0119boko\u015b\u0107 10 cm, d\u0142ugo\u015b\u0107\u00a0 27 cm<\/p>\n<p>Ceny takich zegar\u00f3w przewy\u017cszaj\u0105 kwot\u0119 30 000 z\u0142<\/p>","protected":false},"featured_media":8366,"comment_status":"closed","ping_status":"closed","template":"","meta":[],"product_cat":[54,51],"product_tag":[],"class_list":{"0":"post-8360","1":"product","2":"type-product","3":"status-publish","4":"has-post-thumbnail","6":"product_cat-zegary-kominkowe","7":"product_cat-zegary","9":"entry","10":"has-media","12":"first","13":"instock","14":"taxable","15":"shipping-taxable","16":"purchasable","17":"product-type-simple","18":"has-product-nav","19":"col","20":"span_1_of_3","21":"owp-content-center","22":"owp-thumbs-layout-horizontal","23":"owp-btn-normal","24":"owp-tabs-layout-horizontal"},"aioseo_notices":[],"_links":{"self":[{"href":"https:\/\/antykilion.pl\/it\/wp-json\/wp\/v2\/product\/8360","targetHints":{"allow":["GET"]}}],"collection":[{"href":"https:\/\/antykilion.pl\/it\/wp-json\/wp\/v2\/product"}],"about":[{"href":"https:\/\/antykilion.pl\/it\/wp-json\/wp\/v2\/types\/product"}],"replies":[{"embeddable":true,"href":"https:\/\/antykilion.pl\/it\/wp-json\/wp\/v2\/comments?post=8360"}],"wp:featuredmedia":[{"embeddable":true,"href":"https:\/\/antykilion.pl\/it\/wp-json\/wp\/v2\/media\/8366"}],"wp:attachment":[{"href":"https:\/\/antykilion.pl\/it\/wp-json\/wp\/v2\/media?parent=8360"}],"wp:term":[{"taxonomy":"product_cat","embeddable":true,"href":"https:\/\/antykilion.pl\/it\/wp-json\/wp\/v2\/product_cat?post=8360"},{"taxonomy":"product_tag","embeddable":true,"href":"https:\/\/antykilion.pl\/it\/wp-json\/wp\/v2\/product_tag?post=8360"}],"curies":[{"name":"wp","href":"https:\/\/api.w.org\/{rel}","templated":true}]}}