{"id":8370,"date":"2024-05-20T10:45:37","date_gmt":"2024-05-20T08:45:37","guid":{"rendered":"https:\/\/antykilion.pl\/?post_type=product&#038;p=8370"},"modified":"2024-05-20T10:45:37","modified_gmt":"2024-05-20T08:45:37","slug":"serwis-rosenthal-obiadowy-maria-rosa-syg-1920-r-ogromny-na-24-osoby","status":"publish","type":"product","link":"https:\/\/antykilion.pl\/it\/product\/serwis-rosenthal-obiadowy-maria-rosa-syg-1920-r-ogromny-na-24-osoby\/","title":{"rendered":"Serwis Rosenthal obiadowy Maria rosa syg 1920 r ogromny na 24 osoby"},"content":{"rendered":"","protected":false},"excerpt":{"rendered":"<p>Serwis Rosenthal obiadowy Maria rosa syg 1920 r ogromny na 24 os\u00f3by<\/p>\n<p>dodatkowa sygnatura &#8221; Modell von Ph. Rosenthal &#8221; , co jest informacj\u0105, \u017ce ten model zosta\u0142 osobi\u015bcie zaprojektowany przez tw\u00f3rc\u0119 firmy &#8211; Philippe Rosenthala.<\/p>\n<p>Okazja !!!<\/p>\n<p>Il sito web \u00e8 composto da:<\/p>\n<p>24 talerzy o \u015brednicy ok. 26 cm<\/p>\n<p>12 g\u0142\u0119bokich talerzy, \u015brednica ok. 24 cm<\/p>\n<p>24 p\u0142ytek wej\u015bciowych, \u015brednica ok. 19,5 cm<\/p>\n<p>12 talerzyk\u00f3w \u015bniadaniowych\u00a0 15 cm<\/p>\n<p>2 talerze do przystawek ogromne, \u015brednica 34,5 cm<\/p>\n<p>2 sosjerki du\u017ce, d\u0142ugo\u015b\u0107 24,5 cm<\/p>\n<p>2 miski do serwowania, \u015brednica ok. 23 cm<\/p>\n<p>2 miski do serwowania, \u015brednica ok. 26 cm<\/p>\n<p>2 p\u00f3\u0142miski do serwowania, d\u0142ugo\u015b\u0107 ok. 33,5 cm<\/p>\n<p>2 p\u00f3\u0142miski g\u0142\u0119bokie, d\u0142ugo\u015b\u0107 25,5 cm<\/p>\n<p>1 p\u00f3\u0142misek, d\u0142ugo\u015b\u0107 39,5 cm<\/p>\n<p>1 p\u00f3\u0142misek, d\u0142ugo\u015b\u0107 51,5 cm<\/p>\n<p>1 waza do zupy z pokrywk\u0105, d\u0142ugo\u015b\u0107 ok. 34 cm.<\/p>\n<p>2 wazy do przystawek, d\u0142ugo\u015b\u0107 ok. 24 cm<\/p>\n<p>Stan bardzo dobry wr\u0119cz idealny nie dopatrzono si\u0119 uszkodze\u0144<\/p>\n<p>Pi\u0119kny bardzo elegancki<\/p>","protected":false},"featured_media":8371,"comment_status":"closed","ping_status":"closed","template":"","meta":[],"product_cat":[50],"product_tag":[],"class_list":{"0":"post-8370","1":"product","2":"type-product","3":"status-publish","4":"has-post-thumbnail","6":"product_cat-porcelana-i-fajans","8":"entry","9":"has-media","11":"first","12":"instock","13":"taxable","14":"shipping-taxable","15":"purchasable","16":"product-type-simple","17":"has-product-nav","18":"col","19":"span_1_of_3","20":"owp-content-center","21":"owp-thumbs-layout-horizontal","22":"owp-btn-normal","23":"owp-tabs-layout-horizontal"},"aioseo_notices":[],"_links":{"self":[{"href":"https:\/\/antykilion.pl\/it\/wp-json\/wp\/v2\/product\/8370","targetHints":{"allow":["GET"]}}],"collection":[{"href":"https:\/\/antykilion.pl\/it\/wp-json\/wp\/v2\/product"}],"about":[{"href":"https:\/\/antykilion.pl\/it\/wp-json\/wp\/v2\/types\/product"}],"replies":[{"embeddable":true,"href":"https:\/\/antykilion.pl\/it\/wp-json\/wp\/v2\/comments?post=8370"}],"wp:featuredmedia":[{"embeddable":true,"href":"https:\/\/antykilion.pl\/it\/wp-json\/wp\/v2\/media\/8371"}],"wp:attachment":[{"href":"https:\/\/antykilion.pl\/it\/wp-json\/wp\/v2\/media?parent=8370"}],"wp:term":[{"taxonomy":"product_cat","embeddable":true,"href":"https:\/\/antykilion.pl\/it\/wp-json\/wp\/v2\/product_cat?post=8370"},{"taxonomy":"product_tag","embeddable":true,"href":"https:\/\/antykilion.pl\/it\/wp-json\/wp\/v2\/product_tag?post=8370"}],"curies":[{"name":"wp","href":"https:\/\/api.w.org\/{rel}","templated":true}]}}