{"id":8426,"date":"2024-06-08T09:32:18","date_gmt":"2024-06-08T07:32:18","guid":{"rendered":"https:\/\/antykilion.pl\/?post_type=product&#038;p=8426"},"modified":"2024-06-08T09:32:18","modified_gmt":"2024-06-08T07:32:18","slug":"taca-owalna-z-herbem-po-srodku-austria-okolo-1870-r-piekna-741-g","status":"publish","type":"product","link":"https:\/\/antykilion.pl\/it\/product\/taca-owalna-z-herbem-po-srodku-austria-okolo-1870-r-piekna-741-g\/","title":{"rendered":"Taca owalna z herbem po \u015brodku, Austria oko\u0142o 1870 r, Pi\u0119kna! 741 g"},"content":{"rendered":"","protected":false},"excerpt":{"rendered":"<p>Taca owalna z herbem po \u015brodku, Austria oko\u0142o 1870 r, Pi\u0119kna! 741 g<\/p>\n<p>Punce: Austro-W\u0119gry 1867-1922<\/p>\n<p>Wymiary: wysoko\u015b\u0107 oko\u0142o 3 cm, d\u0142ugo\u015b\u0107 oko\u0142o 48 cm szeroko\u015b\u0107  30 cm waga oko\u0142o 741 gr<\/p>\n<p>Srebro pr. 800<\/p>\n<p>Punca z\u0142otnika A\/B<\/p>\n<p>Stan bardzo dobry, patyna<\/p>\n<p>Bello e unico !!!<\/p>\n<p>Do ka\u017cdego przedmiotu galeria wystawia certyfikat<\/p>","protected":false},"featured_media":8427,"comment_status":"closed","ping_status":"closed","template":"","meta":[],"product_cat":[46],"product_tag":[],"class_list":{"0":"post-8426","1":"product","2":"type-product","3":"status-publish","4":"has-post-thumbnail","6":"product_cat-srebra-i-platery","8":"entry","9":"has-media","11":"first","12":"instock","13":"taxable","14":"shipping-taxable","15":"purchasable","16":"product-type-simple","17":"has-product-nav","18":"col","19":"span_1_of_3","20":"owp-content-center","21":"owp-thumbs-layout-horizontal","22":"owp-btn-normal","23":"owp-tabs-layout-horizontal","24":"has-no-thumbnails"},"aioseo_notices":[],"_links":{"self":[{"href":"https:\/\/antykilion.pl\/it\/wp-json\/wp\/v2\/product\/8426","targetHints":{"allow":["GET"]}}],"collection":[{"href":"https:\/\/antykilion.pl\/it\/wp-json\/wp\/v2\/product"}],"about":[{"href":"https:\/\/antykilion.pl\/it\/wp-json\/wp\/v2\/types\/product"}],"replies":[{"embeddable":true,"href":"https:\/\/antykilion.pl\/it\/wp-json\/wp\/v2\/comments?post=8426"}],"wp:featuredmedia":[{"embeddable":true,"href":"https:\/\/antykilion.pl\/it\/wp-json\/wp\/v2\/media\/8427"}],"wp:attachment":[{"href":"https:\/\/antykilion.pl\/it\/wp-json\/wp\/v2\/media?parent=8426"}],"wp:term":[{"taxonomy":"product_cat","embeddable":true,"href":"https:\/\/antykilion.pl\/it\/wp-json\/wp\/v2\/product_cat?post=8426"},{"taxonomy":"product_tag","embeddable":true,"href":"https:\/\/antykilion.pl\/it\/wp-json\/wp\/v2\/product_tag?post=8426"}],"curies":[{"name":"wp","href":"https:\/\/api.w.org\/{rel}","templated":true}]}}