{"id":8537,"date":"2024-06-23T20:17:00","date_gmt":"2024-06-23T18:17:00","guid":{"rendered":"https:\/\/antykilion.pl\/?post_type=product&#038;p=8537"},"modified":"2024-06-23T20:17:01","modified_gmt":"2024-06-23T18:17:01","slug":"henry-dasson-paryz-serwantka-w-stylu-ludwika-xvi-bardzo-wysokiej-klasy-okolo-1880-r","status":"publish","type":"product","link":"https:\/\/antykilion.pl\/it\/product\/henry-dasson-paryz-serwantka-w-stylu-ludwika-xvi-bardzo-wysokiej-klasy-okolo-1880-r\/","title":{"rendered":"HENRY DASSON Pary\u017c, Serwantka w stylu Ludwika XVI, bardzo wysokiej klasy oko\u0142o 1880 r\u00a0"},"content":{"rendered":"","protected":false},"excerpt":{"rendered":"<p>HENRY DASSON Pary\u017c, Serwantka w stylu Ludwika XVI, bardzo wysokiej klasy oko\u0142o 1880 r\u00a0<\/p>\n<p>HENRY DASSON Pary\u017c atrybucja sygnatury s\u0105 ale ci\u0119\u017ckie do odczytania<\/p>\n<p>P\u00f3\u0142ksi\u0119\u017cycowa serwantka z blatem z zielonego onyxu,\u00a0 \u015brodkowa cz\u0119\u015b\u0107 lustrzana wyko\u0144czona kwiecist\u0105 girland\u0105 i strza\u0142ami, na g\u00f3rnej listwie przeplatane li\u015bcie akantu, dodatkowo zdobiona kwiatami i rozetami oraz ta\u015bmami. Plecy w lustrze i 2 szklane p\u00f3ki.\u00a0<\/p>\n<p>Piecz\u0119ci na plecach nieczytelne napis i numeracje w 2 miejscach oraz zapiski zar\u00f3wno na plecach jak i na g\u00f3rze pod blatem. Dodatkowo br\u0105zy sygnowane niestety ci\u0119\u017ckie do odczytania. By\u0107 mo\u017ce kto\u015b z Pa\u0144stwa b\u0119dzie w stanie cokolwiek odczyta\u0107, b\u0119dziemy wdzi\u0119czni za ka\u017cd\u0105 pomoc.<\/p>\n<p>Stan: bardzo dobry, \u015blady u\u017cytkowania i co najwa\u017cniejsze stan orginalny !!!<\/p>\n<p>Materia\u0142: maho\u0144, br\u0105zy i br\u0105zy z\u0142ocone<\/p>\n<p>Wymiary: wysoko\u015b\u0107 110,5 cm, d\u0142ugo\u015b\u0107 129 cm, szeroko\u015b\u0107 45,5 cm<\/p>","protected":false},"featured_media":8538,"comment_status":"closed","ping_status":"closed","template":"","meta":[],"product_cat":[17,37],"product_tag":[],"class_list":{"0":"post-8537","1":"product","2":"type-product","3":"status-publish","4":"has-post-thumbnail","6":"product_cat-meble","7":"product_cat-witryny-serwantki","9":"entry","10":"has-media","12":"first","13":"instock","14":"taxable","15":"shipping-taxable","16":"purchasable","17":"product-type-simple","18":"has-product-nav","19":"col","20":"span_1_of_3","21":"owp-content-center","22":"owp-thumbs-layout-horizontal","23":"owp-btn-normal","24":"owp-tabs-layout-horizontal"},"aioseo_notices":[],"_links":{"self":[{"href":"https:\/\/antykilion.pl\/it\/wp-json\/wp\/v2\/product\/8537","targetHints":{"allow":["GET"]}}],"collection":[{"href":"https:\/\/antykilion.pl\/it\/wp-json\/wp\/v2\/product"}],"about":[{"href":"https:\/\/antykilion.pl\/it\/wp-json\/wp\/v2\/types\/product"}],"replies":[{"embeddable":true,"href":"https:\/\/antykilion.pl\/it\/wp-json\/wp\/v2\/comments?post=8537"}],"wp:featuredmedia":[{"embeddable":true,"href":"https:\/\/antykilion.pl\/it\/wp-json\/wp\/v2\/media\/8538"}],"wp:attachment":[{"href":"https:\/\/antykilion.pl\/it\/wp-json\/wp\/v2\/media?parent=8537"}],"wp:term":[{"taxonomy":"product_cat","embeddable":true,"href":"https:\/\/antykilion.pl\/it\/wp-json\/wp\/v2\/product_cat?post=8537"},{"taxonomy":"product_tag","embeddable":true,"href":"https:\/\/antykilion.pl\/it\/wp-json\/wp\/v2\/product_tag?post=8537"}],"curies":[{"name":"wp","href":"https:\/\/api.w.org\/{rel}","templated":true}]}}