{"id":8613,"date":"2024-06-25T15:13:32","date_gmt":"2024-06-25T13:13:32","guid":{"rendered":"https:\/\/antykilion.pl\/?post_type=product&#038;p=8613"},"modified":"2024-06-25T15:13:32","modified_gmt":"2024-06-25T13:13:32","slug":"georges-van-der-straeten-1856-1928-rzezba-dziewczyna-w-kokardach-xix-w","status":"publish","type":"product","link":"https:\/\/antykilion.pl\/it\/product\/georges-van-der-straeten-1856-1928-rzezba-dziewczyna-w-kokardach-xix-w\/","title":{"rendered":"Georges van der Straeten (1856-1928) Rze\u017aba, dziewczyna w kokardach XIX w"},"content":{"rendered":"","protected":false},"excerpt":{"rendered":"<p>Georges van der Straeten (1856-1928) Rze\u017aba, dziewczyna w kokardach XIX w<\/p>\n<p>Georges Van der Straeten (urodzony 22 grudnia 1856 w Gandawie w Kr\u00f3lestwie Belgii; \u2020 tam 25 lipca 1941) by\u0142 belgijskim rze\u017abiarzem, kt\u00f3ry r\u00f3wnie\u017c podpisywa\u0142 swoje prace nazwiskiem Dargil. Artysta w swojej paryskiej pracowni, w latach 1885-1890. Spis tre\u015bci 1 \u017cycie 2 prace (wyb\u00f3r) 3 Literatura 4 linki internetowe 5 indywidualnych dowod\u00f3w \u017bycie Georges Van der Straeten pocz\u0105tkowo pracowa\u0142 jako prawnik; od 1882 by\u0142 uczniem rze\u017abiarzy Jefa Lambeaux i Gustave\u2019a Kasteleyna (1848\u20131900).[1] W 1883 opu\u015bci\u0142 Gandaw\u0119 i przeni\u00f3s\u0142 si\u0119 do Pary\u017ca, gdzie w latach 1885-1912 wystawia\u0142 na salonach Soci\u00e9t\u00e9 des Artistes Fran\u00e7ais. Do jego grona tamtejszych przyjaci\u00f3\u0142 nale\u017celi m.in.: belgijscy malarze Jan van Beers[2] i Rik Wouters.[1] Otrzyma\u0142 wiele nagr\u00f3d, m.in. srebrny medal na Wystawie Powszechnej w Pary\u017cu w 1900 r.; W 1903 roku zosta\u0142 kawalerem Legii Honorowej. Jako artysta Belle \u00c9poque sta\u0142 u progu przej\u015bcia od neoklasycyzmu do secesji. Jego prace \u015bwiadcz\u0105 o du\u017cych umiej\u0119tno\u015bciach technicznych i wysokiej jako\u015bci wykonania; preferowanymi przez niego materia\u0142ami by\u0142 br\u0105z, chryzelefantyna i terakota. Stworzy\u0142 liczne rze\u017aby i popiersia pe\u0142nych wdzi\u0119ku i uwodzicielskich postaci fantastycznych m\u0142odych pary\u017canek w \u201esympatycznym stylu rze\u017abiarzy XVIII wieku\u201d (Pierre Kjellberg), dla kt\u00f3rego inspirowa\u0142 si\u0119 tak\u017ce obrazami Antoine\u2019a Watteau.[1] Jego br\u0105zami by\u0142y m.in. Wyprodukowany przez castera Emile&#8217;a Pinedo, Soci\u00e9t\u00e9 des Bronzes de Paris[3] i \u00c9diteur d&#8217;art (wydawc\u0119 dzie\u0142 sztuki) oraz castera Arthura Goldscheidera[4]. W 1928 powr\u00f3ci\u0142 do Gandawy. Jego gr\u00f3b znajduje si\u0119 na Campo Santo w Gandawie.<\/p>","protected":false},"featured_media":8615,"comment_status":"closed","ping_status":"closed","template":"","meta":[],"product_cat":[44,39,43],"product_tag":[],"class_list":{"0":"post-8613","1":"product","2":"type-product","3":"status-publish","4":"has-post-thumbnail","6":"product_cat-rzezba-dawna","7":"product_cat-dziela-sztuki","8":"product_cat-rzezba","10":"entry","11":"has-media","13":"first","14":"instock","15":"taxable","16":"shipping-taxable","17":"purchasable","18":"product-type-simple","19":"has-product-nav","20":"col","21":"span_1_of_3","22":"owp-content-center","23":"owp-thumbs-layout-horizontal","24":"owp-btn-normal","25":"owp-tabs-layout-horizontal"},"aioseo_notices":[],"_links":{"self":[{"href":"https:\/\/antykilion.pl\/it\/wp-json\/wp\/v2\/product\/8613","targetHints":{"allow":["GET"]}}],"collection":[{"href":"https:\/\/antykilion.pl\/it\/wp-json\/wp\/v2\/product"}],"about":[{"href":"https:\/\/antykilion.pl\/it\/wp-json\/wp\/v2\/types\/product"}],"replies":[{"embeddable":true,"href":"https:\/\/antykilion.pl\/it\/wp-json\/wp\/v2\/comments?post=8613"}],"wp:featuredmedia":[{"embeddable":true,"href":"https:\/\/antykilion.pl\/it\/wp-json\/wp\/v2\/media\/8615"}],"wp:attachment":[{"href":"https:\/\/antykilion.pl\/it\/wp-json\/wp\/v2\/media?parent=8613"}],"wp:term":[{"taxonomy":"product_cat","embeddable":true,"href":"https:\/\/antykilion.pl\/it\/wp-json\/wp\/v2\/product_cat?post=8613"},{"taxonomy":"product_tag","embeddable":true,"href":"https:\/\/antykilion.pl\/it\/wp-json\/wp\/v2\/product_tag?post=8613"}],"curies":[{"name":"wp","href":"https:\/\/api.w.org\/{rel}","templated":true}]}}