{"id":8617,"date":"2024-06-25T18:29:18","date_gmt":"2024-06-25T16:29:18","guid":{"rendered":"https:\/\/antykilion.pl\/?post_type=product&#038;p=8617"},"modified":"2024-06-25T18:29:18","modified_gmt":"2024-06-25T16:29:18","slug":"wazon-xviii-w-delft-jan-gaal-1710-20-r","status":"publish","type":"product","link":"https:\/\/antykilion.pl\/it\/product\/wazon-xviii-w-delft-jan-gaal-1710-20-r\/","title":{"rendered":"WAZON, XVIII w. Delft, JAN GAAL 1710\/20 r"},"content":{"rendered":"","protected":false},"excerpt":{"rendered":"<p>WAZON, XVIII w. Delft, JAN GAAL 1710\/20 r<\/p>\n<p>Wazon z pokrywk\u0105 z Delft, oko\u0142o 1710\/20. Niebieski obraz ze stylizowanymi kwiatami, owocami i ptakami. Korpus \u017cebrowany, wieczko z r\u0105czk\u0105 w kszta\u0142cie psa.<\/p>\n<p>Materia\u0142: Fajans (glina kremowa), kobalt podszkliwny, szkliwo cynowe<\/p>\n<p>Sygnatura: Delft, ok. 1710\/20, z manufaktury \u201eDe Twee Scheepjes\u201d (Dwa ma\u0142e statki), istniej\u0105cej w latach 1635\u20131796, sygnowanej \u201eI.G.\u201d na spodzie. = Johannes Gaal. z 1710\/20<\/p>\n<p>Wymiary: wys. 42 cm,<\/p>\n<p>stan zachowania: bardzo minimalne odpryski na kraw\u0119dziach\u00a0<\/p>","protected":false},"featured_media":8620,"comment_status":"closed","ping_status":"closed","template":"","meta":[],"product_cat":[50],"product_tag":[],"class_list":{"0":"post-8617","1":"product","2":"type-product","3":"status-publish","4":"has-post-thumbnail","6":"product_cat-porcelana-i-fajans","8":"entry","9":"has-media","11":"first","12":"instock","13":"taxable","14":"shipping-taxable","15":"purchasable","16":"product-type-simple","17":"has-product-nav","18":"col","19":"span_1_of_3","20":"owp-content-center","21":"owp-thumbs-layout-horizontal","22":"owp-btn-normal","23":"owp-tabs-layout-horizontal"},"aioseo_notices":[],"_links":{"self":[{"href":"https:\/\/antykilion.pl\/it\/wp-json\/wp\/v2\/product\/8617","targetHints":{"allow":["GET"]}}],"collection":[{"href":"https:\/\/antykilion.pl\/it\/wp-json\/wp\/v2\/product"}],"about":[{"href":"https:\/\/antykilion.pl\/it\/wp-json\/wp\/v2\/types\/product"}],"replies":[{"embeddable":true,"href":"https:\/\/antykilion.pl\/it\/wp-json\/wp\/v2\/comments?post=8617"}],"wp:featuredmedia":[{"embeddable":true,"href":"https:\/\/antykilion.pl\/it\/wp-json\/wp\/v2\/media\/8620"}],"wp:attachment":[{"href":"https:\/\/antykilion.pl\/it\/wp-json\/wp\/v2\/media?parent=8617"}],"wp:term":[{"taxonomy":"product_cat","embeddable":true,"href":"https:\/\/antykilion.pl\/it\/wp-json\/wp\/v2\/product_cat?post=8617"},{"taxonomy":"product_tag","embeddable":true,"href":"https:\/\/antykilion.pl\/it\/wp-json\/wp\/v2\/product_tag?post=8617"}],"curies":[{"name":"wp","href":"https:\/\/api.w.org\/{rel}","templated":true}]}}