{"id":8795,"date":"2024-08-04T18:15:18","date_gmt":"2024-08-04T16:15:18","guid":{"rendered":"https:\/\/antykilion.pl\/?post_type=product&#038;p=8795"},"modified":"2024-12-03T17:59:04","modified_gmt":"2024-12-03T16:59:04","slug":"muzealny-zegar-rose-and-son-xviii-w-londyn","status":"publish","type":"product","link":"https:\/\/antykilion.pl\/it\/product\/muzealny-zegar-rose-and-son-xviii-w-londyn\/","title":{"rendered":"Muzealny zegar Rose and Son, XVIII w Londyn"},"content":{"rendered":"","protected":false},"excerpt":{"rendered":"<p>Muzealny zegar Rose and Son, XVIII w Londyn<\/p>\n<p>Zegar pod\u0142ogowy- szafowy<\/p>\n<p>Zegar w mahoniowej obudowie, profilowany blat z 3 mosi\u0119\u017cnymi kulkami, obudowa flankowana \u017c\u0142obkowanymi kolumnami, mosi\u0119\u017cna tarcza z cyframi rzymskimi, oddzielna wskaz\u00f3wka cichego\/bicia i daty, sygnowany Rose and Son. Londyn, XVIII wiek<\/p>\n<p>Ob\u0142\u0119dnie intarsjowany.<\/p>\n<p>Materiale: mogano<\/p>\n<p>Wymiary: wys. 250 cm, szer.\u00a0 cm, g\u0142\u0119b.\u00a0 cm.<\/p>\n<p>Pochodzenie: Anglia, Rose and Son, XVIII w London<\/p>\n<p>Un esempio estremamente efficace dell&#039;orologio inglese pi\u00f9 lussuoso del tipo &quot;cassa lunga&quot;<\/p>\n<p>Bello fa impressione !!!<\/p>","protected":false},"featured_media":8796,"comment_status":"closed","ping_status":"closed","template":"","meta":[],"product_cat":[52,51],"product_tag":[],"class_list":{"0":"post-8795","1":"product","2":"type-product","3":"status-publish","4":"has-post-thumbnail","6":"product_cat-zegary-stojace","7":"product_cat-zegary","9":"entry","10":"has-media","12":"first","13":"instock","14":"taxable","15":"shipping-taxable","16":"purchasable","17":"product-type-simple","18":"has-product-nav","19":"col","20":"span_1_of_3","21":"owp-content-center","22":"owp-thumbs-layout-horizontal","23":"owp-btn-normal","24":"owp-tabs-layout-horizontal"},"aioseo_notices":[],"_links":{"self":[{"href":"https:\/\/antykilion.pl\/it\/wp-json\/wp\/v2\/product\/8795","targetHints":{"allow":["GET"]}}],"collection":[{"href":"https:\/\/antykilion.pl\/it\/wp-json\/wp\/v2\/product"}],"about":[{"href":"https:\/\/antykilion.pl\/it\/wp-json\/wp\/v2\/types\/product"}],"replies":[{"embeddable":true,"href":"https:\/\/antykilion.pl\/it\/wp-json\/wp\/v2\/comments?post=8795"}],"wp:featuredmedia":[{"embeddable":true,"href":"https:\/\/antykilion.pl\/it\/wp-json\/wp\/v2\/media\/8796"}],"wp:attachment":[{"href":"https:\/\/antykilion.pl\/it\/wp-json\/wp\/v2\/media?parent=8795"}],"wp:term":[{"taxonomy":"product_cat","embeddable":true,"href":"https:\/\/antykilion.pl\/it\/wp-json\/wp\/v2\/product_cat?post=8795"},{"taxonomy":"product_tag","embeddable":true,"href":"https:\/\/antykilion.pl\/it\/wp-json\/wp\/v2\/product_tag?post=8795"}],"curies":[{"name":"wp","href":"https:\/\/api.w.org\/{rel}","templated":true}]}}