{"id":8938,"date":"2024-11-18T14:50:21","date_gmt":"2024-11-18T13:50:21","guid":{"rendered":"https:\/\/antykilion.pl\/?post_type=product&#038;p=8938"},"modified":"2024-11-18T14:50:22","modified_gmt":"2024-11-18T13:50:22","slug":"rzadkosc-orginal-serwantka-francois-linke-przypisywana-jest-to-w-100-mebel-tego-ebonisty","status":"publish","type":"product","link":"https:\/\/antykilion.pl\/it\/product\/rzadkosc-orginal-serwantka-francois-linke-przypisywana-jest-to-w-100-mebel-tego-ebonisty\/","title":{"rendered":"RZADKO\u015a\u0106 ORGINA\u0141 serwantka Francois Linke przypisywana jest to w 100% mebel tego ebonisty"},"content":{"rendered":"","protected":false},"excerpt":{"rendered":"<p>RZADKO\u015a\u0106 ORGINA\u0141 serwantka Francois Linke przypisywana jest to w 100% mebel tego ebonisty<\/p>\n<p>Condizioni: originali, ottime<\/p>\n<p>Materiale; mogano, palissandro, rosa, bronzo dorato<\/p>\n<p>Wymiary: wysoko\u015b\u0107 140 cm, d\u0142ugo\u015b\u0107 140 cm, szeroko\u015b\u0107 40 cm<\/p>\n<p>poni\u017cej informacje o meblu<\/p>\n<p>Una vetrina di legno (vetrina) si erge sulle gambe di una cabriole, che \u00e8 decorata con monti floreali di ormol (bronzo dorato) e posta sui piedi di uno zoccolo di bronzo dorato. Le sezioni inferiori della vetrina sono montate con pannelli Vernis Martin, raffiguranti coppie di corteggiamento, angeli e animali in paesaggi porticati. Questi pannelli sono firmati &quot;V. GOSSENS &quot;.<\/p>\n<p>Vitrine ha tre ripiani, due dei quali in vetro. Sono visualizzati dietro i lati lustrati e le porte chiudibili a chiave. Le parti superiori della vetrina hanno fregi fissati con strisce di ormol rinceau, composte da foglie frondose e fruttate che scorrono in nastri attorcigliati. I fregi frontali sono decorati da placche centrali in bronzo raffiguranti bassorilievi raffiguranti putti bacchiani che suonano all&#039;aperto. Archi a nastro Ormol e sentieri fioriti adornano gli angoli superiori del sito. I piani dei tavoli Vitrina presentano strisce di bronzo vitruviano a scorrimento e sono ricoperti di marmo rosso multicolore.<\/p>\n<p>&#039;CT LINKE \/ SERRURERIE \/ PARIS&#039; \u00e8 stampigliato sulle serrature delle vetrine. Fran\u00e7ois Linke \u00e8 stato uno dei falegnami pi\u00f9 importanti di tutti i tempi. Fu attivo a Parigi a cavallo tra il XIX e il XX secolo, creando splendidi mobili nello stile del design francese del XVIII secolo.<\/p>\n<p>Czytaj wi\u0119cej<\/p>\n<p>Maggiori informazioni su questo artista \/ creatore<\/p>\n<p>Linke nacque il 17 giugno 1855 nel piccolo villaggio ceco di Deutsch Pankraz, ora noto come J\u00edtrava nella Repubblica Ceca. I dati mostrano che Linke aveva un apprendistato presso un falegname di nome Neumann, che si laure\u00f2 nel 1877. [1] Il libro di lavoro di Linke o la documentazione di Arbeits-Buch che rimase a Vienna dal luglio 1872. Fino all&#039;ottobre 1873 [1] ] durante l&#039;Esposizione Internazionale, che ebbe luogo nel 1873.<\/p>\n<p>Linke si rec\u00f2 quindi a Praga, Budapest e Weimar prima di arrivare finalmente a Parigi nel 1875. \u00c8 stato documentato che ottenne un impiego presso uno sconosciuto falegname tedesco a Parigi, e le somiglianze stilistiche, le fotografie e la vicinanza geografica portarono alcuni [3] a suggerire che Emmanuel Zwiener era il candidato pi\u00f9 probabile. Dopo aver trascorso un po &#039;di tempo nella sua citt\u00e0 natale, torn\u00f2 una volta per tutte a Parigi nel 1877. Nel 1878 si tenne a Parigi la terza grande Esposizione Internazionale, che fu un notevole successo per un paese devastato dalla guerra solo sette anni prima. \u00c8 noto che le officine Linke di nuova costituzione operavano a Faubourg St. Gi\u00e0 nel 1881 Antoine [4] forn\u00ec mobili ad altri designer pi\u00f9 famosi, come Jansen e Krieger.<\/p>\n<p>Nel 1889 si tenne un&#039;altra Fiera Mondiale a Parigi, di cui si parlava spesso in America. Gustave Eiffel ha eretto quello che \u00e8 diventato l&#039;edificio pi\u00f9 iconico di Parigi per la mostra, e un&#039;atmosfera di ricchezza e fiducia potrebbe aver incoraggiato Linke a pensare che avrebbe potuto dare un contributo importante alla prossima grande mostra. Gi\u00e0 nel 1892 fu annunciato che si sarebbe svolto alla fine del secolo nel tentativo di impedire a Berlino di allestire l&#039;ultimo grande spettacolo del secolo<\/p>\n<p>Nel 1892, Victor Champier [fr], uno dei commissari della Fiera di Parigi del 1900, fece appello: &quot;Crea alla maniera dei maestri, non copiare quello che hanno fatto&quot; [5]. Era un appello contro la mera riproduzione e Linke accett\u00f2 questa sfida in un modo senza precedenti con la sua esibizione unica, che doveva includere il Grand Bureau. [6]<\/p>\n<p>Determinato a mettere in ombra la concorrenza alla Mostra, Linke ha deciso di creare le opere pi\u00f9 ambiziose che potesse immaginare e pi\u00f9 stravaganti che mai. Gli oggetti che ha presentato hanno segnato un passaggio da un&#039;interpretazione storica degli stili di Luigi XV e Luigi XVI, un&#039;interpretazione che era alla base dei suoi pi\u00f9 stretti rivali, a qualcosa di sorprendentemente nuovo ed essenziale nella sua immediatezza. [7] Con L\u00e9on Messag\u00e9, ha sviluppato un nuovo stile per la mostra del 1900 che ha reso omaggio a Luigi XV in rococ\u00f2 nella fluidit\u00e0 del suo approccio, ma questo approccio \u00e8 combinato con le vibranti linee fluide dell&#039;Art Nouveau contemporaneo e progressista. L&#039;Art Journal pubblicato nel 1900 presso lo stand Linke:<\/p>\n<p>Il lavoro di M. Linke ... \u00e8 stato un esempio di ci\u00f2 che si pu\u00f2 fare cercando ispirazione tra gli esempi classici di Luigi XV e XVI senza copiare queste grandi opere in grande senso. Il lavoro di M. Linke era originale nel vero senso della parola e come tale si raccomandava a un ricercatore intelligente delle cose veramente artistiche della mostra. Un grande talento \u00e8 stato utilizzato per produrre i meravigliosi mobili in mostra \u201d[8].<\/p>\n<p>La posizione di Linke sarebbe sembrata piacevolmente nuova agli osservatori contemporanei, i design tradizionali del XVIII secolo si fondevano perfettamente con un esuberante naturalismo. La rivista ha descritto lo stile di Linke come &quot;enti\u00e8rement nouveaux&quot; e ha osservato: &quot;Questa opinione \u00e8 ampiamente accettata. Lo stand Linke \u00e8 il pi\u00f9 grande spettacolo nella storia del mobile artistico del 1900 \u201d[9].<\/p>\n<p>\u00c8 forse l&#039;aspetto pi\u00f9 notevole e straordinario della storia personale di Linke il fatto che abbia prodotto mobili cos\u00ec costosi e lussuosi di qualit\u00e0 eccezionale per una mostra nel 1900, senza commissioni o potenziali acquirenti [10]. Mentre altre aziende di mobili pi\u00f9 famose, come Beurdeley e Dasson, stavano chiudendo, ha fatto un enorme investimento nel suo stand e nei mobili che ha fornito. Linke si rese conto che per espandere la sua attivit\u00e0, doveva fare appello a una clientela pi\u00f9 internazionale e nuove persone emergenti ricche che stavano accumulando fortune su una scala senza precedenti durante questo periodo. Per questo motivo, ha suonato tutto ci\u00f2 che aveva allo spettacolo del 1900. Se ci\u00f2 fallisse, quasi certamente sarebbe fallito. Il taccuino di Linke registra i visitatori del suo stand da Inghilterra, Europa, Americhe, Egitto e Giappone, tra cui: Re di Svezia, tre visite del Re del Belgio, Principe Radziwi\u0142\u0142, Principe d&#039;Arenberg, Conte Alberic du Chastel, Miss Anna May Gould, Americana ereditiera, importante produttore di mobili e presidente francese Emile Loubet.<\/p>\n<p>Questa rischiosa impresa ebbe un enorme successo e, grazie alla sua reputazione, La Maison Linke divenne un&#039;eccezionale casa di mobili fino allo scoppio della seconda guerra mondiale. Lo splendore tecnico del suo lavoro e il cambiamento artistico che rappresenta non si ripeteranno mai. I suoi saloni si espansero in stanze prestigiose a Parigi in Place Vend\u00f4me, cos\u00ec come in Faubourg St. Antoine, dove sono stati stabiliti i suoi laboratori. Ha intrapreso molte importanti commissioni negli anni fino allo scoppio della prima guerra mondiale, creando e progettando mobili per i principali industriali e banchieri internazionali.<\/p>\n<p>Dopo la prima guerra mondiale, Linke intraprese una commissione per l&#039;arredamento di emergenza per il palazzo di Ras al-Tin ad Alessandria per il re d&#039;Egitto Fuad, probabilmente la pi\u00f9 grande commissione di mobili mai ideata, oscurando persino Versailles. Linke fior\u00ec e rimase attiva fino alla met\u00e0 degli anni &#039;30 e mor\u00ec nel 1946 [11].<\/p>","protected":false},"featured_media":8939,"comment_status":"closed","ping_status":"closed","template":"","meta":[],"product_cat":[17,37],"product_tag":[],"class_list":{"0":"post-8938","1":"product","2":"type-product","3":"status-publish","4":"has-post-thumbnail","6":"product_cat-meble","7":"product_cat-witryny-serwantki","9":"entry","10":"has-media","12":"first","13":"instock","14":"taxable","15":"shipping-taxable","16":"purchasable","17":"product-type-simple","18":"has-product-nav","19":"col","20":"span_1_of_3","21":"owp-content-center","22":"owp-thumbs-layout-horizontal","23":"owp-btn-normal","24":"owp-tabs-layout-horizontal"},"aioseo_notices":[],"_links":{"self":[{"href":"https:\/\/antykilion.pl\/it\/wp-json\/wp\/v2\/product\/8938","targetHints":{"allow":["GET"]}}],"collection":[{"href":"https:\/\/antykilion.pl\/it\/wp-json\/wp\/v2\/product"}],"about":[{"href":"https:\/\/antykilion.pl\/it\/wp-json\/wp\/v2\/types\/product"}],"replies":[{"embeddable":true,"href":"https:\/\/antykilion.pl\/it\/wp-json\/wp\/v2\/comments?post=8938"}],"wp:featuredmedia":[{"embeddable":true,"href":"https:\/\/antykilion.pl\/it\/wp-json\/wp\/v2\/media\/8939"}],"wp:attachment":[{"href":"https:\/\/antykilion.pl\/it\/wp-json\/wp\/v2\/media?parent=8938"}],"wp:term":[{"taxonomy":"product_cat","embeddable":true,"href":"https:\/\/antykilion.pl\/it\/wp-json\/wp\/v2\/product_cat?post=8938"},{"taxonomy":"product_tag","embeddable":true,"href":"https:\/\/antykilion.pl\/it\/wp-json\/wp\/v2\/product_tag?post=8938"}],"curies":[{"name":"wp","href":"https:\/\/api.w.org\/{rel}","templated":true}]}}