{"id":9014,"date":"2024-11-25T15:54:21","date_gmt":"2024-11-25T14:54:21","guid":{"rendered":"https:\/\/antykilion.pl\/?post_type=product&#038;p=9014"},"modified":"2025-02-28T11:50:14","modified_gmt":"2025-02-28T10:50:14","slug":"obledny-serwis-obiadowy-dla-12-osob-rosenthal-monbijou-secesja-zlocona-1900","status":"publish","type":"product","link":"https:\/\/antykilion.pl\/it\/product\/obledny-serwis-obiadowy-dla-12-osob-rosenthal-monbijou-secesja-zlocona-1900\/","title":{"rendered":"Ob\u0142\u0119dny serwis obiadowy dla 12 os\u00f3b Rosenthal Monbijou secesja z\u0142ocona 1900"},"content":{"rendered":"","protected":false},"excerpt":{"rendered":"<p>Ob\u0142\u0119dny serwis obiadowy dla 12 os\u00f3b Rosenthal Monbijou secesja z\u0142ocona 1900<\/p>\n<p>Decorato con rose rosa, carino,<\/p>\n<p>11 talerzy obiadowych p\u0142askich 25 cm w tym 2 uszkodzone<\/p>\n<p>12 talerzy obiadowych g\u0142\u0119bokich 25 cm<\/p>\n<p>12 talerzyk\u00f3w przystawkowych\u00a0 20 cm<\/p>\n<p>12 talerzyk\u00f3w \u015bniadaniowych 18 cm<\/p>\n<p>1 talerz przystawkowy ogromny 30 cm<\/p>\n<p>1 waza do zupy wysoko\u015b\u0107 oko\u0142o 32 cm d\u0142. z uszami 32 cm<\/p>\n<p>1 waza do przystawek\u00a0 oko\u0142o wys. 23 cm szer. 23 cm<\/p>\n<p>1 sosjerka wysoko\u015b\u0107 10 cm, szeroko\u015b\u0107 15 cm, d\u0142ugo\u015b\u0107 23 cm<\/p>\n<p>1 p\u00f3\u0142misek \u015bredni g\u0142\u0119boki 34 cm na 23 cm<\/p>\n<p>1 p\u00f3\u0142misek du\u017cy g\u0142. 43 cm na 29 cm<\/p>\n<p>1 p\u00f3\u0142miski 29 cm na 19 cm<\/p>\n<p>2 p\u00f3\u0142miski g\u0142\u0119bokie 24 cm na 15 cm<\/p>\n<p>Ottime condizioni<\/p>","protected":false},"featured_media":9015,"comment_status":"closed","ping_status":"closed","template":"","meta":[],"product_cat":[50],"product_tag":[],"class_list":{"0":"post-9014","1":"product","2":"type-product","3":"status-publish","4":"has-post-thumbnail","6":"product_cat-porcelana-i-fajans","8":"entry","9":"has-media","11":"first","12":"instock","13":"taxable","14":"shipping-taxable","15":"purchasable","16":"product-type-simple","17":"has-product-nav","18":"col","19":"span_1_of_3","20":"owp-content-center","21":"owp-thumbs-layout-horizontal","22":"owp-btn-normal","23":"owp-tabs-layout-horizontal"},"aioseo_notices":[],"_links":{"self":[{"href":"https:\/\/antykilion.pl\/it\/wp-json\/wp\/v2\/product\/9014","targetHints":{"allow":["GET"]}}],"collection":[{"href":"https:\/\/antykilion.pl\/it\/wp-json\/wp\/v2\/product"}],"about":[{"href":"https:\/\/antykilion.pl\/it\/wp-json\/wp\/v2\/types\/product"}],"replies":[{"embeddable":true,"href":"https:\/\/antykilion.pl\/it\/wp-json\/wp\/v2\/comments?post=9014"}],"wp:featuredmedia":[{"embeddable":true,"href":"https:\/\/antykilion.pl\/it\/wp-json\/wp\/v2\/media\/9015"}],"wp:attachment":[{"href":"https:\/\/antykilion.pl\/it\/wp-json\/wp\/v2\/media?parent=9014"}],"wp:term":[{"taxonomy":"product_cat","embeddable":true,"href":"https:\/\/antykilion.pl\/it\/wp-json\/wp\/v2\/product_cat?post=9014"},{"taxonomy":"product_tag","embeddable":true,"href":"https:\/\/antykilion.pl\/it\/wp-json\/wp\/v2\/product_tag?post=9014"}],"curies":[{"name":"wp","href":"https:\/\/api.w.org\/{rel}","templated":true}]}}