{"id":9027,"date":"2024-11-26T13:58:07","date_gmt":"2024-11-26T12:58:07","guid":{"rendered":"https:\/\/antykilion.pl\/?post_type=product&#038;p=9027"},"modified":"2026-04-08T06:46:19","modified_gmt":"2026-04-08T04:46:19","slug":"filizanki-kolekcjonerskie-rosenthal-claire-secesja-w-konwalie-1890-1900-r","status":"publish","type":"product","link":"https:\/\/antykilion.pl\/it\/product\/filizanki-kolekcjonerskie-rosenthal-claire-secesja-w-konwalie-1890-1900-r\/","title":{"rendered":"Fili\u017canki kolekcjonerskie Rosenthal Claire secesja w konwalie 1890\/1900 r"},"content":{"rendered":"","protected":false},"excerpt":{"rendered":"<p>Fili\u017canki kolekcjonerskie Rosenthal Claire secesja w konwalie 1890\/1900 r<\/p>\n<p>Spodek 12,5 cm<\/p>\n<p>Fili\u017canka wysoko\u015b\u0107 7 cm \u015brednica 6,5 cm + ucho Du\u017ca normalna wielko\u015b\u0107<\/p>\n<p>Sygnatura z okresu secesji lata 1890\/1900<\/p>\n<p>Condizioni: ottime<\/p>\n<p>Okazjonalna cena !!!<\/p>\n<p>Cena dotyczy 1 szt<\/p>\n<p>Mamy na dzie\u0144 dzisiejszy 6 szt<\/p>","protected":false},"featured_media":9028,"comment_status":"closed","ping_status":"closed","template":"","meta":[],"product_cat":[50],"product_tag":[],"class_list":{"0":"post-9027","1":"product","2":"type-product","3":"status-publish","4":"has-post-thumbnail","6":"product_cat-porcelana-i-fajans","8":"entry","9":"has-media","11":"first","12":"instock","13":"taxable","14":"shipping-taxable","15":"purchasable","16":"product-type-simple","17":"has-product-nav","18":"col","19":"span_1_of_3","20":"owp-content-center","21":"owp-thumbs-layout-horizontal","22":"owp-btn-normal","23":"owp-tabs-layout-horizontal"},"aioseo_notices":[],"_links":{"self":[{"href":"https:\/\/antykilion.pl\/it\/wp-json\/wp\/v2\/product\/9027","targetHints":{"allow":["GET"]}}],"collection":[{"href":"https:\/\/antykilion.pl\/it\/wp-json\/wp\/v2\/product"}],"about":[{"href":"https:\/\/antykilion.pl\/it\/wp-json\/wp\/v2\/types\/product"}],"replies":[{"embeddable":true,"href":"https:\/\/antykilion.pl\/it\/wp-json\/wp\/v2\/comments?post=9027"}],"wp:featuredmedia":[{"embeddable":true,"href":"https:\/\/antykilion.pl\/it\/wp-json\/wp\/v2\/media\/9028"}],"wp:attachment":[{"href":"https:\/\/antykilion.pl\/it\/wp-json\/wp\/v2\/media?parent=9027"}],"wp:term":[{"taxonomy":"product_cat","embeddable":true,"href":"https:\/\/antykilion.pl\/it\/wp-json\/wp\/v2\/product_cat?post=9027"},{"taxonomy":"product_tag","embeddable":true,"href":"https:\/\/antykilion.pl\/it\/wp-json\/wp\/v2\/product_tag?post=9027"}],"curies":[{"name":"wp","href":"https:\/\/api.w.org\/{rel}","templated":true}]}}