{"id":9040,"date":"2024-11-26T14:25:55","date_gmt":"2024-11-26T13:25:55","guid":{"rendered":"https:\/\/antykilion.pl\/?post_type=product&#038;p=9040"},"modified":"2024-11-26T14:25:55","modified_gmt":"2024-11-26T13:25:55","slug":"filizanki-furstenberg-kawowo-herbaciane-1918","status":"publish","type":"product","link":"https:\/\/antykilion.pl\/it\/product\/filizanki-furstenberg-kawowo-herbaciane-1918\/","title":{"rendered":"Fili\u017canki F\u00fcrstenberg kawowo herbaciane 1918"},"content":{"rendered":"","protected":false},"excerpt":{"rendered":"<p>Fili\u017canki F\u00fcrstenberg kawowo herbaciane 1918<\/p>\n<p>Spodek: 11,5 cm<\/p>\n<p>Fili\u017canka wys. 4,5 cm \u015br. 7 cm + ucho<\/p>\n<p>Przepi\u0119kne !!!<\/p>\n<p>Pi\u0119kna klasyka z 1918 do 1960 roku!!!<\/p>\n<p>cena okazjonalna !<\/p>\n<p>stan: bardzo dobry<\/p>","protected":false},"featured_media":9041,"comment_status":"closed","ping_status":"closed","template":"","meta":[],"product_cat":[50],"product_tag":[],"class_list":{"0":"post-9040","1":"product","2":"type-product","3":"status-publish","4":"has-post-thumbnail","6":"product_cat-porcelana-i-fajans","8":"entry","9":"has-media","11":"first","12":"instock","13":"taxable","14":"shipping-taxable","15":"purchasable","16":"product-type-simple","17":"has-product-nav","18":"col","19":"span_1_of_3","20":"owp-content-center","21":"owp-thumbs-layout-horizontal","22":"owp-btn-normal","23":"owp-tabs-layout-horizontal"},"aioseo_notices":[],"_links":{"self":[{"href":"https:\/\/antykilion.pl\/it\/wp-json\/wp\/v2\/product\/9040","targetHints":{"allow":["GET"]}}],"collection":[{"href":"https:\/\/antykilion.pl\/it\/wp-json\/wp\/v2\/product"}],"about":[{"href":"https:\/\/antykilion.pl\/it\/wp-json\/wp\/v2\/types\/product"}],"replies":[{"embeddable":true,"href":"https:\/\/antykilion.pl\/it\/wp-json\/wp\/v2\/comments?post=9040"}],"wp:featuredmedia":[{"embeddable":true,"href":"https:\/\/antykilion.pl\/it\/wp-json\/wp\/v2\/media\/9041"}],"wp:attachment":[{"href":"https:\/\/antykilion.pl\/it\/wp-json\/wp\/v2\/media?parent=9040"}],"wp:term":[{"taxonomy":"product_cat","embeddable":true,"href":"https:\/\/antykilion.pl\/it\/wp-json\/wp\/v2\/product_cat?post=9040"},{"taxonomy":"product_tag","embeddable":true,"href":"https:\/\/antykilion.pl\/it\/wp-json\/wp\/v2\/product_tag?post=9040"}],"curies":[{"name":"wp","href":"https:\/\/api.w.org\/{rel}","templated":true}]}}