{"id":9057,"date":"2024-11-28T14:49:32","date_gmt":"2024-11-28T13:49:32","guid":{"rendered":"https:\/\/antykilion.pl\/?post_type=product&#038;p=9057"},"modified":"2025-04-07T11:55:16","modified_gmt":"2025-04-07T09:55:16","slug":"victor-leopold-bruyneel-1859-belgijski-francuski-dziewczyna-w-usmiechu","status":"publish","type":"product","link":"https:\/\/antykilion.pl\/it\/product\/victor-leopold-bruyneel-1859-belgijski-francuski-dziewczyna-w-usmiechu\/","title":{"rendered":"Victor Leopold Bruyneel (1859 -) belgijski\/francuski Dziewczyna w u\u015bmiechu"},"content":{"rendered":"","protected":false},"excerpt":{"rendered":"<p>Victor Leopold Bruyneel (1859 -) belgijski\/francuski Dziewczyna w u\u015bmiechu<\/p>\n<p>Victor Leopold Bruyneel (1859\u2014?) belgijski\/francuski\u00a0 artysta, spor\u0105 cze\u015b\u0107 \u017cycia sp\u0119dzi\u0142 w Pary\u017cu tworz\u0105c rze\u017aby w stylu akademickim oraz art nouveau.<\/p>\n<p>Pochodzenie: Belgia- Francja<\/p>\n<p>Materia\u0142: Br\u0105z patynowany i polerowany<\/p>\n<p>Stan: bardzo dobry,<\/p>\n<p>Sygnatura: umieszczona na tyle widoczna na zdj\u0119ciu<\/p>\n<p>Wymiary: 40 cm<\/p>\n<p>Bellissimo !!!<\/p>","protected":false},"featured_media":9058,"comment_status":"closed","ping_status":"closed","template":"","meta":[],"product_cat":[44,39,43],"product_tag":[],"class_list":{"0":"post-9057","1":"product","2":"type-product","3":"status-publish","4":"has-post-thumbnail","6":"product_cat-rzezba-dawna","7":"product_cat-dziela-sztuki","8":"product_cat-rzezba","10":"entry","11":"has-media","13":"first","14":"instock","15":"taxable","16":"shipping-taxable","17":"purchasable","18":"product-type-simple","19":"has-product-nav","20":"col","21":"span_1_of_3","22":"owp-content-center","23":"owp-thumbs-layout-horizontal","24":"owp-btn-normal","25":"owp-tabs-layout-horizontal"},"aioseo_notices":[],"_links":{"self":[{"href":"https:\/\/antykilion.pl\/it\/wp-json\/wp\/v2\/product\/9057","targetHints":{"allow":["GET"]}}],"collection":[{"href":"https:\/\/antykilion.pl\/it\/wp-json\/wp\/v2\/product"}],"about":[{"href":"https:\/\/antykilion.pl\/it\/wp-json\/wp\/v2\/types\/product"}],"replies":[{"embeddable":true,"href":"https:\/\/antykilion.pl\/it\/wp-json\/wp\/v2\/comments?post=9057"}],"wp:featuredmedia":[{"embeddable":true,"href":"https:\/\/antykilion.pl\/it\/wp-json\/wp\/v2\/media\/9058"}],"wp:attachment":[{"href":"https:\/\/antykilion.pl\/it\/wp-json\/wp\/v2\/media?parent=9057"}],"wp:term":[{"taxonomy":"product_cat","embeddable":true,"href":"https:\/\/antykilion.pl\/it\/wp-json\/wp\/v2\/product_cat?post=9057"},{"taxonomy":"product_tag","embeddable":true,"href":"https:\/\/antykilion.pl\/it\/wp-json\/wp\/v2\/product_tag?post=9057"}],"curies":[{"name":"wp","href":"https:\/\/api.w.org\/{rel}","templated":true}]}}