{"id":9105,"date":"2024-12-15T14:00:06","date_gmt":"2024-12-15T13:00:06","guid":{"rendered":"https:\/\/antykilion.pl\/?post_type=product&#038;p=9105"},"modified":"2026-03-12T09:45:03","modified_gmt":"2026-03-12T08:45:03","slug":"zegar-cartel-w-stylu-ludwika-xv-okolo-1870-obledny","status":"publish","type":"product","link":"https:\/\/antykilion.pl\/it\/product\/zegar-cartel-w-stylu-ludwika-xv-okolo-1870-obledny\/","title":{"rendered":"Zegar Cartel w stylu ludwika XV oko\u0142o 1870 ob\u0142edny!"},"content":{"rendered":"","protected":false},"excerpt":{"rendered":"<p>Zegar Cartel w stylu ludwika XV oko\u0142o 1870 ob\u0142edny!<\/p>\n<p>Zegar w stylu ludwika XV wyko\u0144czony w szylkrecie i br\u0105zach z\u0142oconych<\/p>\n<p>PI\u0118KNY MODEL !!!<\/p>\n<p>Sygnatura: mechanizm sygnowany Vincent &#038; Cie., Medaille d&#8217;Argent 1855, Paris,<\/p>\n<p>Wymiary:\u00a0 wysoko\u015b\u0107 133 cm, szeroko\u015b\u0107 45 cm, g\u0142\u0119boko\u015b\u0107 19 cm<\/p>\n<p>Materia\u0142: drzewo, szylkret, br\u0105z z\u0142ocony<\/p>\n<p>Rewelacyjny stan !!!<\/p>","protected":false},"featured_media":9106,"comment_status":"closed","ping_status":"closed","template":"","meta":[],"product_cat":[53,51],"product_tag":[],"class_list":{"0":"post-9105","1":"product","2":"type-product","3":"status-publish","4":"has-post-thumbnail","6":"product_cat-zegary-wiszace","7":"product_cat-zegary","9":"entry","10":"has-media","12":"first","13":"instock","14":"taxable","15":"shipping-taxable","16":"purchasable","17":"product-type-simple","18":"has-product-nav","19":"col","20":"span_1_of_3","21":"owp-content-center","22":"owp-thumbs-layout-horizontal","23":"owp-btn-normal","24":"owp-tabs-layout-horizontal","25":"has-no-thumbnails"},"aioseo_notices":[],"_links":{"self":[{"href":"https:\/\/antykilion.pl\/it\/wp-json\/wp\/v2\/product\/9105","targetHints":{"allow":["GET"]}}],"collection":[{"href":"https:\/\/antykilion.pl\/it\/wp-json\/wp\/v2\/product"}],"about":[{"href":"https:\/\/antykilion.pl\/it\/wp-json\/wp\/v2\/types\/product"}],"replies":[{"embeddable":true,"href":"https:\/\/antykilion.pl\/it\/wp-json\/wp\/v2\/comments?post=9105"}],"wp:featuredmedia":[{"embeddable":true,"href":"https:\/\/antykilion.pl\/it\/wp-json\/wp\/v2\/media\/9106"}],"wp:attachment":[{"href":"https:\/\/antykilion.pl\/it\/wp-json\/wp\/v2\/media?parent=9105"}],"wp:term":[{"taxonomy":"product_cat","embeddable":true,"href":"https:\/\/antykilion.pl\/it\/wp-json\/wp\/v2\/product_cat?post=9105"},{"taxonomy":"product_tag","embeddable":true,"href":"https:\/\/antykilion.pl\/it\/wp-json\/wp\/v2\/product_tag?post=9105"}],"curies":[{"name":"wp","href":"https:\/\/api.w.org\/{rel}","templated":true}]}}