{"id":9139,"date":"2024-12-15T17:42:28","date_gmt":"2024-12-15T16:42:28","guid":{"rendered":"https:\/\/antykilion.pl\/?post_type=product&#038;p=9139"},"modified":"2024-12-15T17:42:29","modified_gmt":"2024-12-15T16:42:29","slug":"charles-antoine-coypell-krag-1694-1752-motyw-z-opowiesci-o-don-kichocie","status":"publish","type":"product","link":"https:\/\/antykilion.pl\/it\/product\/charles-antoine-coypell-krag-1694-1752-motyw-z-opowiesci-o-don-kichocie\/","title":{"rendered":"Charles Antoine Coypell kr\u0105g 1694-1752 Motyw z opowie\u015bci o Don Kichocie"},"content":{"rendered":"","protected":false},"excerpt":{"rendered":"<p>Charles Antoine Coypel, kr\u0105g<\/p>\n<p>(Francja, 1694-1752)<\/p>\n<p>Motyw z opowie\u015bci o Don Kichocie<\/p>\n<p>Tecnica: olio su tela<\/p>\n<p>Stan: bardzo dobry, p\u0142\u00f3tno dublowane<\/p>\n<p>Firma: nessuna<\/p>\n<p>Wymiary:\u00a0 p\u0142\u00f3tna 59 cm na 75 cm\u00a0 + rama\u00a0 78 cm na 92 cm<\/p>\n<p>Do ka\u017cdego przedmiotu Galeria wystawia certyfikat.<\/p>","protected":false},"featured_media":9140,"comment_status":"closed","ping_status":"closed","template":"","meta":[],"product_cat":[41,39,40],"product_tag":[],"class_list":{"0":"post-9139","1":"product","2":"type-product","3":"status-publish","4":"has-post-thumbnail","6":"product_cat-malarstwo-dawne","7":"product_cat-dziela-sztuki","8":"product_cat-malarstwo","10":"entry","11":"has-media","13":"first","14":"instock","15":"taxable","16":"shipping-taxable","17":"purchasable","18":"product-type-simple","19":"has-product-nav","20":"col","21":"span_1_of_3","22":"owp-content-center","23":"owp-thumbs-layout-horizontal","24":"owp-btn-normal","25":"owp-tabs-layout-horizontal"},"aioseo_notices":[],"_links":{"self":[{"href":"https:\/\/antykilion.pl\/it\/wp-json\/wp\/v2\/product\/9139","targetHints":{"allow":["GET"]}}],"collection":[{"href":"https:\/\/antykilion.pl\/it\/wp-json\/wp\/v2\/product"}],"about":[{"href":"https:\/\/antykilion.pl\/it\/wp-json\/wp\/v2\/types\/product"}],"replies":[{"embeddable":true,"href":"https:\/\/antykilion.pl\/it\/wp-json\/wp\/v2\/comments?post=9139"}],"wp:featuredmedia":[{"embeddable":true,"href":"https:\/\/antykilion.pl\/it\/wp-json\/wp\/v2\/media\/9140"}],"wp:attachment":[{"href":"https:\/\/antykilion.pl\/it\/wp-json\/wp\/v2\/media?parent=9139"}],"wp:term":[{"taxonomy":"product_cat","embeddable":true,"href":"https:\/\/antykilion.pl\/it\/wp-json\/wp\/v2\/product_cat?post=9139"},{"taxonomy":"product_tag","embeddable":true,"href":"https:\/\/antykilion.pl\/it\/wp-json\/wp\/v2\/product_tag?post=9139"}],"curies":[{"name":"wp","href":"https:\/\/api.w.org\/{rel}","templated":true}]}}