{"id":9149,"date":"2024-12-17T13:09:39","date_gmt":"2024-12-17T12:09:39","guid":{"rendered":"https:\/\/antykilion.pl\/?post_type=product&#038;p=9149"},"modified":"2024-12-17T13:09:39","modified_gmt":"2024-12-17T12:09:39","slug":"mistrz-flamandzki-xviii-w-martwa-natura-kwiatowa-po-prawej-u-dolu-monogram-ao-i-data-1736","status":"publish","type":"product","link":"https:\/\/antykilion.pl\/it\/product\/mistrz-flamandzki-xviii-w-martwa-natura-kwiatowa-po-prawej-u-dolu-monogram-ao-i-data-1736\/","title":{"rendered":"Mistrz flamandzki XVIII w, martwa natura kwiatowa, po prawej. u do\u0142u monogram AO i data 1736,"},"content":{"rendered":"","protected":false},"excerpt":{"rendered":"<p>Mistrz flamandzki XVIII w, martwa natura kwiatowa, po prawej. u do\u0142u monogram AO i data 1736,<\/p>\n<p>Tecnica: olio su tela<\/p>\n<p>Stan: bardzo dobry,<\/p>\n<p>Sygnatura: Monogram AO<\/p>\n<p>Wymiary:\u00a0 p\u0142\u00f3tno 57 cm na 72 cm z ram\u0105\u00a0 74 cm na 90 cm ob\u0142\u0119dny!!!<\/p>\n<p>Do ka\u017cdego przedmiotu Galeria wystawia certyfikat.<\/p>","protected":false},"featured_media":9155,"comment_status":"closed","ping_status":"closed","template":"","meta":[],"product_cat":[41,39,40],"product_tag":[],"class_list":{"0":"post-9149","1":"product","2":"type-product","3":"status-publish","4":"has-post-thumbnail","6":"product_cat-malarstwo-dawne","7":"product_cat-dziela-sztuki","8":"product_cat-malarstwo","10":"entry","11":"has-media","13":"first","14":"instock","15":"taxable","16":"shipping-taxable","17":"purchasable","18":"product-type-simple","19":"has-product-nav","20":"col","21":"span_1_of_3","22":"owp-content-center","23":"owp-thumbs-layout-horizontal","24":"owp-btn-normal","25":"owp-tabs-layout-horizontal"},"aioseo_notices":[],"_links":{"self":[{"href":"https:\/\/antykilion.pl\/it\/wp-json\/wp\/v2\/product\/9149","targetHints":{"allow":["GET"]}}],"collection":[{"href":"https:\/\/antykilion.pl\/it\/wp-json\/wp\/v2\/product"}],"about":[{"href":"https:\/\/antykilion.pl\/it\/wp-json\/wp\/v2\/types\/product"}],"replies":[{"embeddable":true,"href":"https:\/\/antykilion.pl\/it\/wp-json\/wp\/v2\/comments?post=9149"}],"wp:featuredmedia":[{"embeddable":true,"href":"https:\/\/antykilion.pl\/it\/wp-json\/wp\/v2\/media\/9155"}],"wp:attachment":[{"href":"https:\/\/antykilion.pl\/it\/wp-json\/wp\/v2\/media?parent=9149"}],"wp:term":[{"taxonomy":"product_cat","embeddable":true,"href":"https:\/\/antykilion.pl\/it\/wp-json\/wp\/v2\/product_cat?post=9149"},{"taxonomy":"product_tag","embeddable":true,"href":"https:\/\/antykilion.pl\/it\/wp-json\/wp\/v2\/product_tag?post=9149"}],"curies":[{"name":"wp","href":"https:\/\/api.w.org\/{rel}","templated":true}]}}