{"id":9179,"date":"2024-12-22T12:12:51","date_gmt":"2024-12-22T11:12:51","guid":{"rendered":"https:\/\/antykilion.pl\/?post_type=product&#038;p=9179"},"modified":"2026-03-14T13:13:57","modified_gmt":"2026-03-14T12:13:57","slug":"serwantka-w-stylu-ludwika-xv-okolo-1870-r-vernis-martin","status":"publish","type":"product","link":"https:\/\/antykilion.pl\/it\/product\/serwantka-w-stylu-ludwika-xv-okolo-1870-r-vernis-martin\/","title":{"rendered":"Serwantka w stylu Ludwika XV oko\u0142o 1870 r Vernis Martin"},"content":{"rendered":"","protected":false},"excerpt":{"rendered":"<p>Serwantka w stylu Ludwika XV oko\u0142o 1870 r Vernis Martin<\/p>\n<p>Ten doskona\u0142y mebel to witryna z Vernis Martin i plakietami w oprawie z poz\u0142acanego z\u0142ota. W formie bomby, wymodelowana w stylu Ludwika XV, posiada centralny panel oraz dwa boczne w stylu Vernis Martin. Wysoka i imponuj\u0105ca, wykonana z my\u015bl\u0105 o absolutnie najlepszych wn\u0119trzach.<\/p>\n<p>Parkietowe powierzchnie zdobi\u0105 boki \u0142ukowatego \u0142uku drewnianych paneli, a poz\u0142acane br\u0105zowe oprawy otaczaj\u0105 g\u0142\u00f3wne przestrzenie i wyznaczaj\u0105 kraw\u0119dzie \u0142ukowatej drewnianej konstrukcji. Wn\u0119trze wy\u0142o\u017cone jest gustownym odcieniem bordowego aksamitu , plecy w lustrze. Kr\u00f3tko m\u00f3wi\u0105c, ten element jest niezwyk\u0142ym i wysoce wyrafinowanym przyk\u0142adem francuskich mebli i rzemios\u0142a z 2 po\u0142owy XIX wieku.<\/p>\n<p>Stan: bardzo dobry, po konserwacji<\/p>\n<p>Materia\u0142: drzewo r\u00f3\u017cane i br\u0105zy z\u0142ocone sygnowane <\/p>\n<p>Wymiary: wysoko\u015b\u0107 186 cm, d\u0142ugo\u015b\u0107 66 cm, szeroko\u015b\u0107 37 cm<\/p>","protected":false},"featured_media":9180,"comment_status":"closed","ping_status":"closed","template":"","meta":[],"product_cat":[17,37],"product_tag":[],"class_list":{"0":"post-9179","1":"product","2":"type-product","3":"status-publish","4":"has-post-thumbnail","6":"product_cat-meble","7":"product_cat-witryny-serwantki","9":"entry","10":"has-media","12":"first","13":"instock","14":"taxable","15":"shipping-taxable","16":"purchasable","17":"product-type-simple","18":"has-product-nav","19":"col","20":"span_1_of_3","21":"owp-content-center","22":"owp-thumbs-layout-horizontal","23":"owp-btn-normal","24":"owp-tabs-layout-horizontal"},"aioseo_notices":[],"_links":{"self":[{"href":"https:\/\/antykilion.pl\/it\/wp-json\/wp\/v2\/product\/9179","targetHints":{"allow":["GET"]}}],"collection":[{"href":"https:\/\/antykilion.pl\/it\/wp-json\/wp\/v2\/product"}],"about":[{"href":"https:\/\/antykilion.pl\/it\/wp-json\/wp\/v2\/types\/product"}],"replies":[{"embeddable":true,"href":"https:\/\/antykilion.pl\/it\/wp-json\/wp\/v2\/comments?post=9179"}],"wp:featuredmedia":[{"embeddable":true,"href":"https:\/\/antykilion.pl\/it\/wp-json\/wp\/v2\/media\/9180"}],"wp:attachment":[{"href":"https:\/\/antykilion.pl\/it\/wp-json\/wp\/v2\/media?parent=9179"}],"wp:term":[{"taxonomy":"product_cat","embeddable":true,"href":"https:\/\/antykilion.pl\/it\/wp-json\/wp\/v2\/product_cat?post=9179"},{"taxonomy":"product_tag","embeddable":true,"href":"https:\/\/antykilion.pl\/it\/wp-json\/wp\/v2\/product_tag?post=9179"}],"curies":[{"name":"wp","href":"https:\/\/api.w.org\/{rel}","templated":true}]}}