{"id":9200,"date":"2024-12-22T13:07:20","date_gmt":"2024-12-22T12:07:20","guid":{"rendered":"https:\/\/antykilion.pl\/?post_type=product&#038;p=9200"},"modified":"2024-12-22T13:07:20","modified_gmt":"2024-12-22T12:07:20","slug":"para-swiecznikow-warszawskich-mistrz-szmul-szkarlat-okolo-1884-r","status":"publish","type":"product","link":"https:\/\/antykilion.pl\/it\/product\/para-swiecznikow-warszawskich-mistrz-szmul-szkarlat-okolo-1884-r\/","title":{"rendered":"Para \u015bwiecznik\u00f3w warszawskich, mistrz Szmul Szkarlat oko\u0142o 1884 r"},"content":{"rendered":"","protected":false},"excerpt":{"rendered":"<p>Para \u015bwiecznik\u00f3w warszawskich, mistrz Szmul Szkarlat oko\u0142o 1884 r<\/p>\n<p>Lichtarze na kwadratowej plincie i okr\u0105g\u0142ej stopie. Trzony tralkowe z dwoma ko\u0142nierzami i tulejk\u0105 w formie wazonu. Stopa, ko\u0142nierze, nodus i pier\u015bcienie dekorowane motywem kwiat\u00f3w.<\/p>\n<p>Szmul Szkar\u0142at &#8211; warszawski z\u0142otnik czynny od lat 60. do ko\u0144ca XIX w.<\/p>\n<p>Sygnatura: Stemplowanie Polski pod administracj\u0105 rosyjsk\u0105: imi\u0119 i nazwisko mistrza, \u0142\u0105czona piecz\u0119\u0107 inspektora z liczb\u0105 84, orze\u0142 jako inspekcja i OS z rokiem: J\u00f3zef Sosnkowsk 1869-1896. (60392)<\/p>\n<p>Srebro pr\u00f3by 84 , czyli 875<\/p>\n<p>Ottime condizioni<\/p>\n<p>Wymiary: Wysoko\u015b\u0107 30,5 cm, waga 650 gr<\/p>","protected":false},"featured_media":9201,"comment_status":"closed","ping_status":"closed","template":"","meta":[],"product_cat":[46],"product_tag":[],"class_list":{"0":"post-9200","1":"product","2":"type-product","3":"status-publish","4":"has-post-thumbnail","6":"product_cat-srebra-i-platery","8":"entry","9":"has-media","11":"first","12":"instock","13":"taxable","14":"shipping-taxable","15":"purchasable","16":"product-type-simple","17":"has-product-nav","18":"col","19":"span_1_of_3","20":"owp-content-center","21":"owp-thumbs-layout-horizontal","22":"owp-btn-normal","23":"owp-tabs-layout-horizontal","24":"has-no-thumbnails"},"aioseo_notices":[],"_links":{"self":[{"href":"https:\/\/antykilion.pl\/it\/wp-json\/wp\/v2\/product\/9200","targetHints":{"allow":["GET"]}}],"collection":[{"href":"https:\/\/antykilion.pl\/it\/wp-json\/wp\/v2\/product"}],"about":[{"href":"https:\/\/antykilion.pl\/it\/wp-json\/wp\/v2\/types\/product"}],"replies":[{"embeddable":true,"href":"https:\/\/antykilion.pl\/it\/wp-json\/wp\/v2\/comments?post=9200"}],"wp:featuredmedia":[{"embeddable":true,"href":"https:\/\/antykilion.pl\/it\/wp-json\/wp\/v2\/media\/9201"}],"wp:attachment":[{"href":"https:\/\/antykilion.pl\/it\/wp-json\/wp\/v2\/media?parent=9200"}],"wp:term":[{"taxonomy":"product_cat","embeddable":true,"href":"https:\/\/antykilion.pl\/it\/wp-json\/wp\/v2\/product_cat?post=9200"},{"taxonomy":"product_tag","embeddable":true,"href":"https:\/\/antykilion.pl\/it\/wp-json\/wp\/v2\/product_tag?post=9200"}],"curies":[{"name":"wp","href":"https:\/\/api.w.org\/{rel}","templated":true}]}}