{"id":9208,"date":"2024-12-22T15:41:12","date_gmt":"2024-12-22T14:41:12","guid":{"rendered":"https:\/\/antykilion.pl\/?post_type=product&#038;p=9208"},"modified":"2024-12-22T15:41:13","modified_gmt":"2024-12-22T14:41:13","slug":"claire-jeanne-roberte-colinet-brussels-1880-1950-rzezba-tancerka-z-lina","status":"publish","type":"product","link":"https:\/\/antykilion.pl\/it\/product\/claire-jeanne-roberte-colinet-brussels-1880-1950-rzezba-tancerka-z-lina\/","title":{"rendered":"CLAIRE JEANNE ROBERTE COLINET Brussels (1880) \/ (1950) Rze\u017aba, Tancerka z lin\u0105"},"content":{"rendered":"","protected":false},"excerpt":{"rendered":"<p>CLAIRE JEANNE ROBERTE COLINET Brussels (1880) \/ (1950) Rze\u017aba, Tancerka z lin\u0105<\/p>\n<p>Claire Jeanne Roberte Colinet (1885\u20131950) by\u0142a francusk\u0105 rze\u017abiark\u0105 pochodzenia belgijskiego, kt\u00f3ra tworzy\u0142a na pocz\u0105tku i w po\u0142owie XX wieku. Tematem jej najbardziej znanych prac by\u0142y g\u0142\u00f3wnie arabskie tancerki. Wi\u0119kszo\u015b\u0107 jej dorobku rze\u017abiarskiego mo\u017cna zaklasyfikowa\u0107 jako styl Art Deco.<\/p>\n<p>Colinet by\u0142a cz\u0119st\u0105 wystawczyni\u0105 na wystawach sztuki Salon des Artistes Francais i Salon des Independents w Pary\u017cu. Jej rze\u017aby, z kt\u00f3rych wi\u0119kszo\u015b\u0107 przedstawia\u0142a pi\u0119knie wyrze\u017abione, pe\u0142ne energii i dramatyczne kobiece formy, by\u0142y wystawiane po\u015bmiertnie w paryskim Salonie przez prawie 30 lat.<\/p>\n<p>Wczesne \u017cycie<\/p>\n<p>Colinet urodzi\u0142a si\u0119 w Brukseli w Belgii w 1885 roku.[1] Niewiele wiadomo o jej \u017cyciu poza dzie\u0142ami sztuki, kt\u00f3re stworzy\u0142a podczas udanej kariery trwaj\u0105cej ponad 40 lat. Jako kobieta by\u0142a w mniejszo\u015bci w wybranej przez siebie dziedzinie rze\u017aby w epoce, w kt\u00f3rej pracowa\u0142a i \u017cy\u0142a.<\/p>\n<p>Kariera<\/p>\n<p>Odlew z br\u0105zu obrazu Sen Narcyza autorstwa Colinet<\/p>\n<p>W nieokre\u015blonej dacie \u2013 prawdopodobnie oko\u0142o 1910 r. \u2013 Colinet wyemigrowa\u0142a do Pary\u017ca we Francji, gdzie studiowa\u0142a rze\u017ab\u0119 pod czujnym okiem Jefa Lambeaux i po raz pierwszy wystawi\u0142a swoje prace w Salon des Artistes Francais w 1913 r., a w 1929 r. zosta\u0142a sta\u0142\u0105 cz\u0142onkini\u0105 tej organizacji. W latach 1937\u20131940 wystawia\u0142a swoje prace w Salon des Independents w Pary\u017cu i do\u0142\u0105czy\u0142a do Zwi\u0105zku Kobiet Malarek i Rze\u017abiarek.[2] Prace Colinet s\u0105 wykonywane g\u0142\u00f3wnie w stylu Art Deco[3], a w\u015br\u00f3d jej modelek znalaz\u0142y si\u0119 odaliski, egzotyczne tancerki, \u017conglerki i artystki kabaretowe.<\/p>\n<p>Na szereg jej prac tancerek wp\u0142yn\u0105\u0142 renesans ruchu orientalistycznego, kt\u00f3ry by\u0142 popularny w Europie od oko\u0142o 1860 do 1880 r. Jej ulubionym materia\u0142em odlewniczym by\u0142 br\u0105z; Jednak\u017ce wiele z jej najwybitniejszych rze\u017ab jest wykonanych z chryzelefantyny, b\u0119d\u0105cej po\u0142\u0105czeniem br\u0105zu i ko\u015bci s\u0142oniowej.[3]<\/p>\n<p>Origine: Francia<\/p>\n<p>Materia\u0142: Br\u0105z patynowany i polerowany<\/p>\n<p>Stan: bardzo dobry,<\/p>\n<p>Sygnatura: umieszczona na cokole<\/p>\n<p>Wymiary: 63 cm<\/p>\n<p>Ceny od kilku tysi\u0119cy euro do kilkunastu!!!<\/p>\n<p>Bellissimo !!!<\/p>","protected":false},"featured_media":9209,"comment_status":"closed","ping_status":"closed","template":"","meta":[],"product_cat":[44,39,43],"product_tag":[],"class_list":{"0":"post-9208","1":"product","2":"type-product","3":"status-publish","4":"has-post-thumbnail","6":"product_cat-rzezba-dawna","7":"product_cat-dziela-sztuki","8":"product_cat-rzezba","10":"entry","11":"has-media","13":"first","14":"instock","15":"taxable","16":"shipping-taxable","17":"purchasable","18":"product-type-simple","19":"has-product-nav","20":"col","21":"span_1_of_3","22":"owp-content-center","23":"owp-thumbs-layout-horizontal","24":"owp-btn-normal","25":"owp-tabs-layout-horizontal"},"aioseo_notices":[],"_links":{"self":[{"href":"https:\/\/antykilion.pl\/it\/wp-json\/wp\/v2\/product\/9208","targetHints":{"allow":["GET"]}}],"collection":[{"href":"https:\/\/antykilion.pl\/it\/wp-json\/wp\/v2\/product"}],"about":[{"href":"https:\/\/antykilion.pl\/it\/wp-json\/wp\/v2\/types\/product"}],"replies":[{"embeddable":true,"href":"https:\/\/antykilion.pl\/it\/wp-json\/wp\/v2\/comments?post=9208"}],"wp:featuredmedia":[{"embeddable":true,"href":"https:\/\/antykilion.pl\/it\/wp-json\/wp\/v2\/media\/9209"}],"wp:attachment":[{"href":"https:\/\/antykilion.pl\/it\/wp-json\/wp\/v2\/media?parent=9208"}],"wp:term":[{"taxonomy":"product_cat","embeddable":true,"href":"https:\/\/antykilion.pl\/it\/wp-json\/wp\/v2\/product_cat?post=9208"},{"taxonomy":"product_tag","embeddable":true,"href":"https:\/\/antykilion.pl\/it\/wp-json\/wp\/v2\/product_tag?post=9208"}],"curies":[{"name":"wp","href":"https:\/\/api.w.org\/{rel}","templated":true}]}}