{"id":9231,"date":"2025-02-26T10:40:35","date_gmt":"2025-02-26T09:40:35","guid":{"rendered":"https:\/\/antykilion.pl\/?post_type=product&#038;p=9231"},"modified":"2026-03-12T09:49:25","modified_gmt":"2026-03-12T08:49:25","slug":"9231","status":"publish","type":"product","link":"https:\/\/antykilion.pl\/it\/product\/9231\/","title":{"rendered":"Z\u0142ota OMEGA damska, 18-karatowe z\u0142oto z bransoletk\u0105 z 18-karat z\u0142ota"},"content":{"rendered":"","protected":false},"excerpt":{"rendered":"<p>OMEGA damska z brylantami,\u00a0 18-karatowe z\u0142oto z bransoletk\u0105 z 18-karatowego z\u0142ota<\/p>\n<p>rok ok. 1960. Kaliber 484, 17 kamieni, numer seryjny nr 22687115, nr obudowy 913776\/7172.<\/p>\n<p>MECHANIZM: Zegarek wyposa\u017cony jest w sygnowany, oryginalny mechanizm OMEGA\u00a0 z naci\u0105giem manualnym. Mechanizm jest w doskona\u0142ej kondycji, po przegl\u0105dzie zegarmistrzowskim, zosta\u0142 oczyszczony i przygotowany do pracy na kolejne d\u0142ugie lata, gwar 2 lata<\/p>\n<p>KOPERTA:\u00a0Oryginalna, sygnowana i numerowana, wykonana z\u00a0litego z\u0142ota pr\u00f3by 18K \/ 750.<\/p>\n<p>DEKIEL:\u00a0Oryginalny, wykonany z\u00a0litego z\u0142ota pr\u00f3by 18K \/ 750, wciskany, sygnowany i numerowany.<\/p>\n<p>WYMIARY: \u015brednica kopert 17 mm , grubo\u015b\u0107 ze szk\u0142em 7mm. D\u0142ugo\u015b\u0107 ca\u0142kowita 18,5 cm<\/p>\n<p>TARCZA: Oryginalna, z\u0142ota tarcza OMEGA, z nak\u0142adanymi prostymi indeksami, w bardzo dobrym, widocznym na zdj\u0119ciach stanie \u2013 nigdy nie poddawana renowacji.<\/p>\n<p>WSKAZ\u00d3WKI: Oryginalne, z\u0142ote<\/p>\n<p>KORONKA:\u00a0Oryginalna koronka OMEGA z logo producenta.<\/p>\n<p>SZK\u0141O:\u00a0Oryginalne, szafirowe szk\u0142o.<\/p>\n<p>BRANSOLETA:\u00a0 wykonana z litego z\u0142ota pr\u00f3by 18K \/ 750, o regulacji d\u0142ugo\u015bci w zakresie ok.<\/p>\n<p>PUDE\u0141KO: Nowe, orginalne Omegi<\/p>\n<p>Waga ca\u0142kowita : .32 gramy<\/p>\n<p>Bellissimo !!!<\/p>\n<p>Ceny takich zegar\u00f3w przewy\u017cszaj\u0105 kwot\u0119 19 000 z\u0142.<\/p>","protected":false},"featured_media":9232,"comment_status":"closed","ping_status":"closed","template":"","meta":[],"product_cat":[66,67,68,51],"product_tag":[],"class_list":{"0":"post-9231","1":"product","2":"type-product","3":"status-publish","4":"has-post-thumbnail","6":"product_cat-zegarki","7":"product_cat-zegarki-nareczne","8":"product_cat-zegarki-nareczne-zegary","9":"product_cat-zegary","11":"entry","12":"has-media","14":"first","15":"instock","16":"taxable","17":"shipping-taxable","18":"purchasable","19":"product-type-simple","20":"has-product-nav","21":"col","22":"span_1_of_3","23":"owp-content-center","24":"owp-thumbs-layout-horizontal","25":"owp-btn-normal","26":"owp-tabs-layout-horizontal"},"aioseo_notices":[],"_links":{"self":[{"href":"https:\/\/antykilion.pl\/it\/wp-json\/wp\/v2\/product\/9231","targetHints":{"allow":["GET"]}}],"collection":[{"href":"https:\/\/antykilion.pl\/it\/wp-json\/wp\/v2\/product"}],"about":[{"href":"https:\/\/antykilion.pl\/it\/wp-json\/wp\/v2\/types\/product"}],"replies":[{"embeddable":true,"href":"https:\/\/antykilion.pl\/it\/wp-json\/wp\/v2\/comments?post=9231"}],"wp:featuredmedia":[{"embeddable":true,"href":"https:\/\/antykilion.pl\/it\/wp-json\/wp\/v2\/media\/9232"}],"wp:attachment":[{"href":"https:\/\/antykilion.pl\/it\/wp-json\/wp\/v2\/media?parent=9231"}],"wp:term":[{"taxonomy":"product_cat","embeddable":true,"href":"https:\/\/antykilion.pl\/it\/wp-json\/wp\/v2\/product_cat?post=9231"},{"taxonomy":"product_tag","embeddable":true,"href":"https:\/\/antykilion.pl\/it\/wp-json\/wp\/v2\/product_tag?post=9231"}],"curies":[{"name":"wp","href":"https:\/\/api.w.org\/{rel}","templated":true}]}}