{"id":9368,"date":"2025-03-24T07:15:26","date_gmt":"2025-03-24T06:15:26","guid":{"rendered":"https:\/\/antykilion.pl\/?post_type=product&#038;p=9368"},"modified":"2026-03-12T09:44:22","modified_gmt":"2026-03-12T08:44:22","slug":"obledny-zegar-kominkowy-empirowy-z-alegoria-milosci-xix-w-okolo-1810-r","status":"publish","type":"product","link":"https:\/\/antykilion.pl\/it\/product\/obledny-zegar-kominkowy-empirowy-z-alegoria-milosci-xix-w-okolo-1810-r\/","title":{"rendered":"Ob\u0142\u0119dny Zegar kominkowy empirowy z alegori\u0105 mi\u0142o\u015bci XIX w oko\u0142o 1810 r"},"content":{"rendered":"","protected":false},"excerpt":{"rendered":"<p>Ob\u0142\u0119dny Zegar kominkowy empirowy z alegori\u0105 mi\u0142o\u015bci XIX w oko\u0142o 1810 r<br \/>\nZegar kominkowy empirowy z Muz\u0105 i amorem graj\u0105cym na harfie XIX w oko\u0142o 1810\/30 r<\/p>\n<p>Zegar kominkowy z scen\u0105 alegoryczn\u0105 mi\u0142o\u015bci.<\/p>\n<p>Pochodzenie: zegar kominkowy, francuski,<\/p>\n<p>Condizioni: molto buone dopo la recensione dell&#039;orologiaio.<\/p>\n<p>Materiale: bronzo dorato<\/p>\n<p>Wymiary: wysoko\u015b\u0107 42 cm, g\u0142\u0119boko\u015b\u0107 14 cm, d\u0142ugo\u015b\u0107\u00a0 34 cm du\u017cy !!!<\/p>\n<p>Pi\u0119kny du\u017cy zegar<\/p>","protected":false},"featured_media":9369,"comment_status":"closed","ping_status":"closed","template":"","meta":[],"product_cat":[54,51],"product_tag":[],"class_list":{"0":"post-9368","1":"product","2":"type-product","3":"status-publish","4":"has-post-thumbnail","6":"product_cat-zegary-kominkowe","7":"product_cat-zegary","9":"entry","10":"has-media","12":"first","13":"instock","14":"taxable","15":"shipping-taxable","16":"purchasable","17":"product-type-simple","18":"has-product-nav","19":"col","20":"span_1_of_3","21":"owp-content-center","22":"owp-thumbs-layout-horizontal","23":"owp-btn-normal","24":"owp-tabs-layout-horizontal"},"aioseo_notices":[],"_links":{"self":[{"href":"https:\/\/antykilion.pl\/it\/wp-json\/wp\/v2\/product\/9368","targetHints":{"allow":["GET"]}}],"collection":[{"href":"https:\/\/antykilion.pl\/it\/wp-json\/wp\/v2\/product"}],"about":[{"href":"https:\/\/antykilion.pl\/it\/wp-json\/wp\/v2\/types\/product"}],"replies":[{"embeddable":true,"href":"https:\/\/antykilion.pl\/it\/wp-json\/wp\/v2\/comments?post=9368"}],"wp:featuredmedia":[{"embeddable":true,"href":"https:\/\/antykilion.pl\/it\/wp-json\/wp\/v2\/media\/9369"}],"wp:attachment":[{"href":"https:\/\/antykilion.pl\/it\/wp-json\/wp\/v2\/media?parent=9368"}],"wp:term":[{"taxonomy":"product_cat","embeddable":true,"href":"https:\/\/antykilion.pl\/it\/wp-json\/wp\/v2\/product_cat?post=9368"},{"taxonomy":"product_tag","embeddable":true,"href":"https:\/\/antykilion.pl\/it\/wp-json\/wp\/v2\/product_tag?post=9368"}],"curies":[{"name":"wp","href":"https:\/\/api.w.org\/{rel}","templated":true}]}}