{"id":9390,"date":"2025-04-06T09:07:35","date_gmt":"2025-04-06T07:07:35","guid":{"rendered":"https:\/\/antykilion.pl\/?post_type=product&#038;p=9390"},"modified":"2026-03-14T12:33:05","modified_gmt":"2026-03-14T11:33:05","slug":"4-krzesla-zlocone-w-stylu-ludwika-xv-okolo-1870r-bajeczne","status":"publish","type":"product","link":"https:\/\/antykilion.pl\/it\/product\/4-krzesla-zlocone-w-stylu-ludwika-xv-okolo-1870r-bajeczne\/","title":{"rendered":"4 krzes\u0142a z\u0142ocone w stylu Ludwika XV oko\u0142o 1870r bajeczne"},"content":{"rendered":"","protected":false},"excerpt":{"rendered":"<p>4 krzes\u0142a z\u0142ocone w stylu Ludwika XV oko\u0142o 1870r bajeczne<br \/>\no falistych i profilowanych elementach szkieletu, rze\u017abionych w li\u015bcie, kwiaty, muszle i poz\u0142acanych, z prostok\u0105tnym\u00a0 oparciem, lekko zaokr\u0105glonym na bokach, falistym siedzeniem i esowatymi por\u0119czami oraz wspornikami, tapicerowane, wsparte na czterech esowatych n\u00f3\u017ckach;<\/p>\n<p>Stan: bardzo dobry orginalny \u0142\u0105cznie z tapicerk\u0105<\/p>\n<p>Pochodzenie; Francja,\u00a0 oko\u0142o 1870\/90 r<\/p>\n<p>Materia\u0142: Buk ? z\u0142ocona<\/p>\n<p>Wymiary:\u00a0 wysoko\u015b\u0107 110 cm D\u0142ugo\u015b\u0107 50 cm, g\u0142\u0119boko\u015b\u0107 45 cm, wysoko\u015b\u0107 siedziska oko\u0142o 45 cm<\/p>\n<p>dost\u0119pne inne elementy kompletu<\/p>","protected":false},"featured_media":9391,"comment_status":"closed","ping_status":"closed","template":"","meta":[],"product_cat":[28,17],"product_tag":[],"class_list":{"0":"post-9390","1":"product","2":"type-product","3":"status-publish","4":"has-post-thumbnail","6":"product_cat-krzesla","7":"product_cat-meble","9":"entry","10":"has-media","12":"first","13":"instock","14":"taxable","15":"shipping-taxable","16":"purchasable","17":"product-type-simple","18":"has-product-nav","19":"col","20":"span_1_of_3","21":"owp-content-center","22":"owp-thumbs-layout-horizontal","23":"owp-btn-normal","24":"owp-tabs-layout-horizontal"},"aioseo_notices":[],"_links":{"self":[{"href":"https:\/\/antykilion.pl\/it\/wp-json\/wp\/v2\/product\/9390","targetHints":{"allow":["GET"]}}],"collection":[{"href":"https:\/\/antykilion.pl\/it\/wp-json\/wp\/v2\/product"}],"about":[{"href":"https:\/\/antykilion.pl\/it\/wp-json\/wp\/v2\/types\/product"}],"replies":[{"embeddable":true,"href":"https:\/\/antykilion.pl\/it\/wp-json\/wp\/v2\/comments?post=9390"}],"wp:featuredmedia":[{"embeddable":true,"href":"https:\/\/antykilion.pl\/it\/wp-json\/wp\/v2\/media\/9391"}],"wp:attachment":[{"href":"https:\/\/antykilion.pl\/it\/wp-json\/wp\/v2\/media?parent=9390"}],"wp:term":[{"taxonomy":"product_cat","embeddable":true,"href":"https:\/\/antykilion.pl\/it\/wp-json\/wp\/v2\/product_cat?post=9390"},{"taxonomy":"product_tag","embeddable":true,"href":"https:\/\/antykilion.pl\/it\/wp-json\/wp\/v2\/product_tag?post=9390"}],"curies":[{"name":"wp","href":"https:\/\/api.w.org\/{rel}","templated":true}]}}