{"id":9433,"date":"2025-05-08T08:35:43","date_gmt":"2025-05-08T06:35:43","guid":{"rendered":"https:\/\/antykilion.pl\/?post_type=product&#038;p=9433"},"modified":"2025-05-09T11:13:21","modified_gmt":"2025-05-09T09:13:21","slug":"duza-taca-do-serwowania-wmf-kwintesencja-secesji-okolo-1900-10-r-piekna","status":"publish","type":"product","link":"https:\/\/antykilion.pl\/it\/product\/duza-taca-do-serwowania-wmf-kwintesencja-secesji-okolo-1900-10-r-piekna\/","title":{"rendered":"Du\u017ca taca do serwowania WMF kwintesencja secesji oko\u0142o 1900\/10 r \u00a0pi\u0119kna"},"content":{"rendered":"","protected":false},"excerpt":{"rendered":"<p>Du\u017ca taca do serwowania WMF kwintesencja secesji oko\u0142o 1900\/10 r \u00a0pi\u0119kna<\/p>\n<p>Wymiary: wysoko\u015b\u0107 z uchwytami oko\u0142o 10 cm, d\u0142ugo\u015b\u0107 48 cm, szeroko\u015b\u0107 oko\u0142o 34 cm\u00a0<\/p>\n<p>Materia\u0142: Plater srebrzony<\/p>\n<p>Stan bardzo dobry orginalny, widoczne \u015blady u\u017cytkowania<\/p>\n<p>Sygnatura; widoczna na zdj\u0119ciu wkr\u00f3tce zdj\u0119cia<\/p>\n<p>Do ka\u017cdego przedmiotu galeria wystawia certyfikat<\/p>\n<p>WMF (W\u00fcrttembergische Metallwarenfabrik) \u2013 niemiecka firma produkuj\u0105ca wyroby metalowe. Powsta\u0142a w 1880 w wyniku fuzji, dw\u00f3ch fabryk: za\u0142o\u017conej w 1853 fabryki Daniela Strauba, kt\u00f3ry w kilka lat p\u00f3\u017aniej wszed\u0142 w sp\u00f3\u0142k\u0119 z bra\u0107mi Friedrichem i Louisem Schweizer, przyjmuj\u0105c nazw\u0119 Straub &#038; Schweizer (p\u00f3\u017aniej Straub &#038; Sohn), oraz ciesz\u0105cej si\u0119 du\u017cym uznaniem, cz\u0119sto nagradzanej na wystawach (Wiede\u0144, Monachium, Filadelfia) firmy Ritter &#038; Co. Oko\u0142o 1900 W\u00fcrttembergische Metallwarenfabrik, by\u0142a ju\u017c najwi\u0119kszym na \u015bwiecie producentem i eksporterem domowych wyrob\u00f3w metalowych g\u0142\u00f3wnie wytwarzanych w stylu secesyjnym. Znakiem firmowym fabryki by\u0142 stru\u015b (znak heraldyczny rodziny Straub). Posiada\u0142a kilka przedstawicielstw w Niemczech, Austrii oraz Polsce. Powszechnie znana z cechowania wyrob\u00f3w inicja\u0142ami WMF, d\u0105\u017cy\u0142a do stworzenia w\u0142asnego wyr\u00f3\u017cniaj\u0105cego j\u0105 stylu, poszukiwa\u0142a w\u0142asnych proporcji pi\u0119kna, czego efektem by\u0142o za\u0142o\u017cenie przy fabryce pracowni sztuki. W 1886 firma przej\u0119\u0142a fabryk\u0119 Plewkiewicz &#038; Co z Warszawy, a w 1900 firm\u0119 Albert K\u00f6hler u. Cie z Wiednia, produkuj\u0105cej wyroby WMF pod znakiem AK&#038;Cie. Z\u0142oty okres fabryki sko\u0144czy\u0142 si\u0119 wraz z wybuchem wojny 1914, kiedy to zamkni\u0119to wszystkie jej oddzia\u0142y. Firma dzia\u0142a do dnia dzisiejszego.<\/p>","protected":false},"featured_media":9434,"comment_status":"closed","ping_status":"closed","template":"","meta":[],"product_cat":[46],"product_tag":[],"class_list":{"0":"post-9433","1":"product","2":"type-product","3":"status-publish","4":"has-post-thumbnail","6":"product_cat-srebra-i-platery","8":"entry","9":"has-media","11":"first","12":"instock","13":"taxable","14":"shipping-taxable","15":"purchasable","16":"product-type-simple","17":"has-product-nav","18":"col","19":"span_1_of_3","20":"owp-content-center","21":"owp-thumbs-layout-horizontal","22":"owp-btn-normal","23":"owp-tabs-layout-horizontal"},"aioseo_notices":[],"_links":{"self":[{"href":"https:\/\/antykilion.pl\/it\/wp-json\/wp\/v2\/product\/9433","targetHints":{"allow":["GET"]}}],"collection":[{"href":"https:\/\/antykilion.pl\/it\/wp-json\/wp\/v2\/product"}],"about":[{"href":"https:\/\/antykilion.pl\/it\/wp-json\/wp\/v2\/types\/product"}],"replies":[{"embeddable":true,"href":"https:\/\/antykilion.pl\/it\/wp-json\/wp\/v2\/comments?post=9433"}],"wp:featuredmedia":[{"embeddable":true,"href":"https:\/\/antykilion.pl\/it\/wp-json\/wp\/v2\/media\/9434"}],"wp:attachment":[{"href":"https:\/\/antykilion.pl\/it\/wp-json\/wp\/v2\/media?parent=9433"}],"wp:term":[{"taxonomy":"product_cat","embeddable":true,"href":"https:\/\/antykilion.pl\/it\/wp-json\/wp\/v2\/product_cat?post=9433"},{"taxonomy":"product_tag","embeddable":true,"href":"https:\/\/antykilion.pl\/it\/wp-json\/wp\/v2\/product_tag?post=9433"}],"curies":[{"name":"wp","href":"https:\/\/api.w.org\/{rel}","templated":true}]}}