{"id":9462,"date":"2025-06-03T14:52:25","date_gmt":"2025-06-03T12:52:25","guid":{"rendered":"https:\/\/antykilion.pl\/?post_type=product&#038;p=9462"},"modified":"2025-06-09T10:32:02","modified_gmt":"2025-06-09T08:32:02","slug":"serwis-rosenthal-obiadowy-monbijou-z-obledna-dekoracja-secesja-okolo-1890-r-obledny-56-elementow","status":"publish","type":"product","link":"https:\/\/antykilion.pl\/it\/product\/serwis-rosenthal-obiadowy-monbijou-z-obledna-dekoracja-secesja-okolo-1890-r-obledny-56-elementow\/","title":{"rendered":"Serwis Rosenthal obiadowy Monbijou, z \u00a0ob\u0142\u0119dn\u0105 dekoracj\u0105 secesja oko\u0142o 1890 r ob\u0142\u0119dny 56 element\u00f3w"},"content":{"rendered":"","protected":false},"excerpt":{"rendered":"<p>Serwis Rosenthal obiadowy Monbijou, z \u00a0ob\u0142\u0119dn\u0105 dekoracj\u0105 secesja oko\u0142o 1890 r ob\u0142\u0119dny<\/p>\n<p>sygnatura z lat 1890\/1910<\/p>\n<p>Okazja !!!<\/p>\n<p>Il sito web \u00e8 composto da:<\/p>\n<p>24 talerzy p\u0142ytkich o \u015brednicy ok. 25,5 cm<\/p>\n<p>12 g\u0142\u0119bokich talerzy, \u015brednica ok. 25,5 cm<\/p>\n<p>12 p\u0142ytek wej\u015bciowych, \u015brednica ok. 20,5 cm<\/p>\n<p>1 sosjerka du\u017ca, d\u0142ugo\u015b\u0107 23 cm<\/p>\n<p>1 talerz do przystawek d\u0142ugo\u015b\u0107 30 cm<\/p>\n<p>3 p\u00f3\u0142misk\u00f3w do serwowania, d\u0142ugo\u015b\u0107 ok. 30 &#8211; 38 cm<\/p>\n<p>1 waza do zupy z pokrywk\u0105, d\u0142ugo\u015b\u0107 ok. 25cm.<\/p>\n<p>1 miska do\u00a0 przystawek 23 cm\u00a0<\/p>\n<p>1 talerz na nodze do owoc\u00f3w lub ciasta<\/p>\n<p>Stan bardzo dobry wr\u0119cz idealny<\/p>\n<p>Pi\u0119kny bardzo elegancki<\/p>","protected":false},"featured_media":9463,"comment_status":"closed","ping_status":"closed","template":"","meta":[],"product_cat":[50],"product_tag":[],"class_list":{"0":"post-9462","1":"product","2":"type-product","3":"status-publish","4":"has-post-thumbnail","6":"product_cat-porcelana-i-fajans","8":"entry","9":"has-media","11":"first","12":"instock","13":"taxable","14":"shipping-taxable","15":"purchasable","16":"product-type-simple","17":"has-product-nav","18":"col","19":"span_1_of_3","20":"owp-content-center","21":"owp-thumbs-layout-horizontal","22":"owp-btn-normal","23":"owp-tabs-layout-horizontal"},"aioseo_notices":[],"_links":{"self":[{"href":"https:\/\/antykilion.pl\/it\/wp-json\/wp\/v2\/product\/9462","targetHints":{"allow":["GET"]}}],"collection":[{"href":"https:\/\/antykilion.pl\/it\/wp-json\/wp\/v2\/product"}],"about":[{"href":"https:\/\/antykilion.pl\/it\/wp-json\/wp\/v2\/types\/product"}],"replies":[{"embeddable":true,"href":"https:\/\/antykilion.pl\/it\/wp-json\/wp\/v2\/comments?post=9462"}],"wp:featuredmedia":[{"embeddable":true,"href":"https:\/\/antykilion.pl\/it\/wp-json\/wp\/v2\/media\/9463"}],"wp:attachment":[{"href":"https:\/\/antykilion.pl\/it\/wp-json\/wp\/v2\/media?parent=9462"}],"wp:term":[{"taxonomy":"product_cat","embeddable":true,"href":"https:\/\/antykilion.pl\/it\/wp-json\/wp\/v2\/product_cat?post=9462"},{"taxonomy":"product_tag","embeddable":true,"href":"https:\/\/antykilion.pl\/it\/wp-json\/wp\/v2\/product_tag?post=9462"}],"curies":[{"name":"wp","href":"https:\/\/api.w.org\/{rel}","templated":true}]}}