{"id":9513,"date":"2025-06-04T14:50:58","date_gmt":"2025-06-04T12:50:58","guid":{"rendered":"https:\/\/antykilion.pl\/?post_type=product&#038;p=9513"},"modified":"2026-03-19T09:48:51","modified_gmt":"2026-03-19T08:48:51","slug":"szpada-dworska-z-fasetowanej-stali-markazytowej-stara-monarchia-panowanie-ludwika-xvi-okolo-1776-r","status":"publish","type":"product","link":"https:\/\/antykilion.pl\/it\/product\/szpada-dworska-z-fasetowanej-stali-markazytowej-stara-monarchia-panowanie-ludwika-xvi-okolo-1776-r\/","title":{"rendered":"Szpada dworska z fasetowanej stali markazytowej, stara monarchia, panowanie Ludwika XVI, oko\u0142o 1776 r."},"content":{"rendered":"","protected":false},"excerpt":{"rendered":"<p>Szpada dworska z fasetowanej stali markazytowej, stara monarchia, panowanie Ludwika XVI, oko\u0142o 1776 r.<\/p>\n<p>Szpada wykonana w ca\u0142o\u015bci ze stali markazytowej z fasetowan\u0105 os\u0142on\u0105, g\u0142owic\u0105 i r\u0119koje\u015bci\u0105. R\u0119koje\u015b\u0107 przedstawia promienne s\u0142o\u0144ce z koronami fasetowanych pere\u0142. Jelec ma k\u00f3\u0142ka. Ostrze jest bia\u0142e i tr\u00f3jk\u0105tne.<\/p>\n<p>D\u0142ugo\u015b\u0107 88.5 cm.<\/p>\n<p>Stan nienaruszony, do czyszczenia<\/p>\n<p>Francja Stara Monarchia.<\/p>\n<p>Podobna w kolekcji Muzeum Narodowego w Krakowie<\/p>","protected":false},"featured_media":9514,"comment_status":"closed","ping_status":"closed","template":"","meta":[],"product_cat":[70],"product_tag":[],"class_list":{"0":"post-9513","1":"product","2":"type-product","3":"status-publish","4":"has-post-thumbnail","6":"product_cat-bron","8":"entry","9":"has-media","11":"first","12":"instock","13":"taxable","14":"shipping-taxable","15":"purchasable","16":"product-type-simple","17":"has-product-nav","18":"col","19":"span_1_of_3","20":"owp-content-center","21":"owp-thumbs-layout-horizontal","22":"owp-btn-normal","23":"owp-tabs-layout-horizontal"},"aioseo_notices":[],"_links":{"self":[{"href":"https:\/\/antykilion.pl\/it\/wp-json\/wp\/v2\/product\/9513","targetHints":{"allow":["GET"]}}],"collection":[{"href":"https:\/\/antykilion.pl\/it\/wp-json\/wp\/v2\/product"}],"about":[{"href":"https:\/\/antykilion.pl\/it\/wp-json\/wp\/v2\/types\/product"}],"replies":[{"embeddable":true,"href":"https:\/\/antykilion.pl\/it\/wp-json\/wp\/v2\/comments?post=9513"}],"wp:featuredmedia":[{"embeddable":true,"href":"https:\/\/antykilion.pl\/it\/wp-json\/wp\/v2\/media\/9514"}],"wp:attachment":[{"href":"https:\/\/antykilion.pl\/it\/wp-json\/wp\/v2\/media?parent=9513"}],"wp:term":[{"taxonomy":"product_cat","embeddable":true,"href":"https:\/\/antykilion.pl\/it\/wp-json\/wp\/v2\/product_cat?post=9513"},{"taxonomy":"product_tag","embeddable":true,"href":"https:\/\/antykilion.pl\/it\/wp-json\/wp\/v2\/product_tag?post=9513"}],"curies":[{"name":"wp","href":"https:\/\/api.w.org\/{rel}","templated":true}]}}