{"id":955,"date":"2020-02-02T18:30:42","date_gmt":"2020-02-02T17:30:42","guid":{"rendered":"https:\/\/antykilion.pl\/?post_type=product&#038;p=955"},"modified":"2026-04-08T13:45:37","modified_gmt":"2026-04-08T11:45:37","slug":"ernst-hugo-lorenz-murowana-pojezierze","status":"publish","type":"product","link":"https:\/\/antykilion.pl\/it\/product\/ernst-hugo-lorenz-murowana-pojezierze\/","title":{"rendered":"Distretto dei laghi Ernst Hugo Lorenz-Murowana"},"content":{"rendered":"<p>Ernst Hugo Lorenz-Murowana (nato il 27 ottobre 1872 a Murowana Go\u015blina, morto nel 1950 a Berlino oa R\u00fcgen [1]) - Pittore tedesco.<\/p>\n<p>Proveniva da una grande famiglia con profonde tradizioni artistiche, in cui venivano dati dei soprannomi dal luogo di nascita. Lasci\u00f2 la provincia di Pozna\u0144 e and\u00f2 a Berlino, dove studi\u00f2 pittura e grafica. Dopo la laurea vi rimase stabilmente, oltre alla pittura, fu anche conservatore d&#039;arte.<\/p>\n<p>Gran parte del suo lavoro \u00e8 la pittura a olio, i soggetti dei dipinti erano interni e nature morte, ma il motivo pi\u00f9 comune presentato erano i paesaggi marini della Pomerania e del Mar Baltico, cos\u00ec come i paesaggi idilliaci del Brandeburgo. Molto meno spesso ha immortalato le vedute e il paesaggio urbano di Berlino e Potsdam, dove in primo piano sono visibili fiumi o bacini, spesso notturni.<\/p>","protected":false},"excerpt":{"rendered":"<p>Ernst Hugo Lorenz-Murowana (nato il 27 ottobre 1872 a Murowana Go\u015blina<br \/>\nUna bellissima vista sulla zona dei laghi, in una cromia molto interessante.<br \/>\nFoto di grande formato, molto decorativa, scarsa qualit\u00e0 delle foto per le quali ci scusiamo.<br \/>\nTecnica: olio su tela.<br \/>\nCondizioni molto buone della tela, lievi graffi sulla cornice.<br \/>\nEpoca: fine XIX inizio XX secolo<br \/>\nDimensioni: con una cornice di 124 cm per 84 cm <\/p>","protected":false},"featured_media":10941,"comment_status":"closed","ping_status":"closed","template":"","meta":[],"product_cat":[41,39,40],"product_tag":[],"class_list":{"0":"post-955","1":"product","2":"type-product","3":"status-publish","4":"has-post-thumbnail","6":"product_cat-malarstwo-dawne","7":"product_cat-dziela-sztuki","8":"product_cat-malarstwo","10":"entry","11":"has-media","13":"first","14":"instock","15":"taxable","16":"shipping-taxable","17":"purchasable","18":"product-type-simple","19":"has-product-nav","20":"col","21":"span_1_of_3","22":"owp-content-center","23":"owp-thumbs-layout-horizontal","24":"owp-btn-normal","25":"owp-tabs-layout-horizontal"},"aioseo_notices":[],"_links":{"self":[{"href":"https:\/\/antykilion.pl\/it\/wp-json\/wp\/v2\/product\/955","targetHints":{"allow":["GET"]}}],"collection":[{"href":"https:\/\/antykilion.pl\/it\/wp-json\/wp\/v2\/product"}],"about":[{"href":"https:\/\/antykilion.pl\/it\/wp-json\/wp\/v2\/types\/product"}],"replies":[{"embeddable":true,"href":"https:\/\/antykilion.pl\/it\/wp-json\/wp\/v2\/comments?post=955"}],"wp:featuredmedia":[{"embeddable":true,"href":"https:\/\/antykilion.pl\/it\/wp-json\/wp\/v2\/media\/10941"}],"wp:attachment":[{"href":"https:\/\/antykilion.pl\/it\/wp-json\/wp\/v2\/media?parent=955"}],"wp:term":[{"taxonomy":"product_cat","embeddable":true,"href":"https:\/\/antykilion.pl\/it\/wp-json\/wp\/v2\/product_cat?post=955"},{"taxonomy":"product_tag","embeddable":true,"href":"https:\/\/antykilion.pl\/it\/wp-json\/wp\/v2\/product_tag?post=955"}],"curies":[{"name":"wp","href":"https:\/\/api.w.org\/{rel}","templated":true}]}}