{"id":9550,"date":"2025-06-06T11:07:34","date_gmt":"2025-06-06T09:07:34","guid":{"rendered":"https:\/\/antykilion.pl\/?post_type=product&#038;p=9550"},"modified":"2025-06-06T11:07:34","modified_gmt":"2025-06-06T09:07:34","slug":"piekny-serwis-empirowy-paryz-xix-w-okolo-1810-sygnowany-unikat","status":"publish","type":"product","link":"https:\/\/antykilion.pl\/it\/product\/piekny-serwis-empirowy-paryz-xix-w-okolo-1810-sygnowany-unikat\/","title":{"rendered":"Pi\u0119kny serwis empirowy Pary\u017c XIX w oko\u0142o 1810 sygnowany Unikat!"},"content":{"rendered":"","protected":false},"excerpt":{"rendered":"<p>Pi\u0119kny serwis empirowy Pary\u017c XIX w oko\u0142o 1810 sygnowany Unikat!<\/p>\n<p>Serwis unikatowo dekorowany w ptaki<\/p>\n<p>serwis sk\u0142ada si\u0119:<\/p>\n<p>Dzbanek do kawy<\/p>\n<p>Dzbanek do herbaty<\/p>\n<p>mlecznik<\/p>\n<p>miska na s\u0142odycze<\/p>\n<p>6 tazze<\/p>\n<p>6 piattini per tazze<\/p>\n<p>Z ca\u0142\u0105 pewno\u015bci\u0105 unikat na rynku antykwarycznym, ogromna rzadko\u015b\u0107<\/p>","protected":false},"featured_media":9551,"comment_status":"closed","ping_status":"closed","template":"","meta":[],"product_cat":[50],"product_tag":[],"class_list":{"0":"post-9550","1":"product","2":"type-product","3":"status-publish","4":"has-post-thumbnail","6":"product_cat-porcelana-i-fajans","8":"entry","9":"has-media","11":"first","12":"instock","13":"taxable","14":"shipping-taxable","15":"purchasable","16":"product-type-simple","17":"has-product-nav","18":"col","19":"span_1_of_3","20":"owp-content-center","21":"owp-thumbs-layout-horizontal","22":"owp-btn-normal","23":"owp-tabs-layout-horizontal"},"aioseo_notices":[],"_links":{"self":[{"href":"https:\/\/antykilion.pl\/it\/wp-json\/wp\/v2\/product\/9550","targetHints":{"allow":["GET"]}}],"collection":[{"href":"https:\/\/antykilion.pl\/it\/wp-json\/wp\/v2\/product"}],"about":[{"href":"https:\/\/antykilion.pl\/it\/wp-json\/wp\/v2\/types\/product"}],"replies":[{"embeddable":true,"href":"https:\/\/antykilion.pl\/it\/wp-json\/wp\/v2\/comments?post=9550"}],"wp:featuredmedia":[{"embeddable":true,"href":"https:\/\/antykilion.pl\/it\/wp-json\/wp\/v2\/media\/9551"}],"wp:attachment":[{"href":"https:\/\/antykilion.pl\/it\/wp-json\/wp\/v2\/media?parent=9550"}],"wp:term":[{"taxonomy":"product_cat","embeddable":true,"href":"https:\/\/antykilion.pl\/it\/wp-json\/wp\/v2\/product_cat?post=9550"},{"taxonomy":"product_tag","embeddable":true,"href":"https:\/\/antykilion.pl\/it\/wp-json\/wp\/v2\/product_tag?post=9550"}],"curies":[{"name":"wp","href":"https:\/\/api.w.org\/{rel}","templated":true}]}}