{"id":9566,"date":"2025-06-06T13:38:50","date_gmt":"2025-06-06T11:38:50","guid":{"rendered":"https:\/\/antykilion.pl\/?post_type=product&#038;p=9566"},"modified":"2025-09-05T05:40:20","modified_gmt":"2025-09-05T03:40:20","slug":"serwis-12-osob-obiad-i-kawa-rosenthal-sanssouci-1937-w-perelki-z-kwiatami","status":"publish","type":"product","link":"https:\/\/antykilion.pl\/it\/product\/serwis-12-osob-obiad-i-kawa-rosenthal-sanssouci-1937-w-perelki-z-kwiatami\/","title":{"rendered":"Serwis 12 os\u00f3b obiad i kawa Rosenthal Sanssouci 1937 w pere\u0142ki z kwiatami !"},"content":{"rendered":"","protected":false},"excerpt":{"rendered":"<p>Serwis 12 os\u00f3b obiad i kawa Rosenthal Sanssouci 1937 w pere\u0142ki z kwiatami !<\/p>\n<p>il sito web include<\/p>\n<p>12 talerzy obiadowych p\u0142askich 26 cm<\/p>\n<p>12 talerzy obiadowych g\u0142\u0119bokich 26 cm<\/p>\n<p>12 talerzy do przystawek 22,5 cm<\/p>\n<p>12 talerzyk\u00f3w deserowych 18 cm<\/p>\n<p>12 spodk\u00f3w pod fili\u017canki 14 cm<\/p>\n<p>12 fili\u017canek \u015brednica bez ucha 7 cm, z uchem 9,5 cm wys. 6,5 cm<\/p>\n<p>1 cukiernica wysoko\u015b\u0107 7 cm<\/p>\n<p>1 mlecznik wysoko\u015b\u0107 10 cm<\/p>\n<p>1 sosjerka 26 cm wys. 9,5 cm<\/p>\n<p>1 dzbanek do mleka 17 cm<\/p>\n<p>2 miski do sa\u0142atek 24 cm wys. 5,5 cm<\/p>\n<p>2 p\u00f3\u0142miski g\u0142\u0119bokie 26,5 cm wys. 4 cm<\/p>\n<p>2 p\u00f3\u0142miski 25,5 cm<\/p>\n<p>1 p\u00f3\u0142misek 34 cm<\/p>\n<p>1 p\u00f3\u0142misek 40 cm<\/p>\n<p>Pi\u0119kna klasyka z 1937 roku!!!<\/p>\n<p>stan: bardzo dobry<\/p>\n<p>okazjonalna cena !!!<\/p>","protected":false},"featured_media":9567,"comment_status":"closed","ping_status":"closed","template":"","meta":[],"product_cat":[50],"product_tag":[],"class_list":{"0":"post-9566","1":"product","2":"type-product","3":"status-publish","4":"has-post-thumbnail","6":"product_cat-porcelana-i-fajans","8":"entry","9":"has-media","11":"first","12":"instock","13":"taxable","14":"shipping-taxable","15":"purchasable","16":"product-type-simple","17":"has-product-nav","18":"col","19":"span_1_of_3","20":"owp-content-center","21":"owp-thumbs-layout-horizontal","22":"owp-btn-normal","23":"owp-tabs-layout-horizontal"},"aioseo_notices":[],"_links":{"self":[{"href":"https:\/\/antykilion.pl\/it\/wp-json\/wp\/v2\/product\/9566","targetHints":{"allow":["GET"]}}],"collection":[{"href":"https:\/\/antykilion.pl\/it\/wp-json\/wp\/v2\/product"}],"about":[{"href":"https:\/\/antykilion.pl\/it\/wp-json\/wp\/v2\/types\/product"}],"replies":[{"embeddable":true,"href":"https:\/\/antykilion.pl\/it\/wp-json\/wp\/v2\/comments?post=9566"}],"wp:featuredmedia":[{"embeddable":true,"href":"https:\/\/antykilion.pl\/it\/wp-json\/wp\/v2\/media\/9567"}],"wp:attachment":[{"href":"https:\/\/antykilion.pl\/it\/wp-json\/wp\/v2\/media?parent=9566"}],"wp:term":[{"taxonomy":"product_cat","embeddable":true,"href":"https:\/\/antykilion.pl\/it\/wp-json\/wp\/v2\/product_cat?post=9566"},{"taxonomy":"product_tag","embeddable":true,"href":"https:\/\/antykilion.pl\/it\/wp-json\/wp\/v2\/product_tag?post=9566"}],"curies":[{"name":"wp","href":"https:\/\/api.w.org\/{rel}","templated":true}]}}