{"id":9589,"date":"2025-06-12T16:51:46","date_gmt":"2025-06-12T14:51:46","guid":{"rendered":"https:\/\/antykilion.pl\/?post_type=product&#038;p=9589"},"modified":"2025-06-12T16:51:46","modified_gmt":"2025-06-12T14:51:46","slug":"zestaw-toaletowy-okolo-1920-30-r","status":"publish","type":"product","link":"https:\/\/antykilion.pl\/it\/product\/zestaw-toaletowy-okolo-1920-30-r\/","title":{"rendered":"Zestaw toaletowy oko\u0142o 1920\/30 r"},"content":{"rendered":"","protected":false},"excerpt":{"rendered":"<p>Zestaw toaletowy oko\u0142o 1920\/30 r<\/p>\n<p>Dzban wys. 34 cm<\/p>\n<p>Misa \u015brednica 41 cm<\/p>\n<p>+ mydelniczki<\/p>\n<p>stan: bardzo dobry, drobne przetarcia najcz\u0119\u015bciej na obrze\u017cach, \u017c\u00f3\u0142ta miska ma w\u0142os oko\u0142o\u00a0 10 cm, bia\u0142y dzban ma\u0142y w\u0142os oko\u0142o 5 cm<\/p>\n<p>ceny takich zestaw\u00f3w tej firmy sprzedawane s\u0105 zagranic\u0105 nawet za 2000 usd<\/p>\n<p>Okazja !!!<\/p>\n<p>Cena dotyczy jednego zestawu<\/p>","protected":false},"featured_media":9590,"comment_status":"closed","ping_status":"closed","template":"","meta":[],"product_cat":[50],"product_tag":[],"class_list":{"0":"post-9589","1":"product","2":"type-product","3":"status-publish","4":"has-post-thumbnail","6":"product_cat-porcelana-i-fajans","8":"entry","9":"has-media","11":"first","12":"instock","13":"taxable","14":"shipping-taxable","15":"purchasable","16":"product-type-simple","17":"has-product-nav","18":"col","19":"span_1_of_3","20":"owp-content-center","21":"owp-thumbs-layout-horizontal","22":"owp-btn-normal","23":"owp-tabs-layout-horizontal"},"aioseo_notices":[],"_links":{"self":[{"href":"https:\/\/antykilion.pl\/it\/wp-json\/wp\/v2\/product\/9589","targetHints":{"allow":["GET"]}}],"collection":[{"href":"https:\/\/antykilion.pl\/it\/wp-json\/wp\/v2\/product"}],"about":[{"href":"https:\/\/antykilion.pl\/it\/wp-json\/wp\/v2\/types\/product"}],"replies":[{"embeddable":true,"href":"https:\/\/antykilion.pl\/it\/wp-json\/wp\/v2\/comments?post=9589"}],"wp:featuredmedia":[{"embeddable":true,"href":"https:\/\/antykilion.pl\/it\/wp-json\/wp\/v2\/media\/9590"}],"wp:attachment":[{"href":"https:\/\/antykilion.pl\/it\/wp-json\/wp\/v2\/media?parent=9589"}],"wp:term":[{"taxonomy":"product_cat","embeddable":true,"href":"https:\/\/antykilion.pl\/it\/wp-json\/wp\/v2\/product_cat?post=9589"},{"taxonomy":"product_tag","embeddable":true,"href":"https:\/\/antykilion.pl\/it\/wp-json\/wp\/v2\/product_tag?post=9589"}],"curies":[{"name":"wp","href":"https:\/\/api.w.org\/{rel}","templated":true}]}}