{"id":9603,"date":"2025-06-24T13:28:15","date_gmt":"2025-06-24T11:28:15","guid":{"rendered":"https:\/\/antykilion.pl\/?post_type=product&#038;p=9603"},"modified":"2025-06-24T14:44:46","modified_gmt":"2025-06-24T12:44:46","slug":"adolf-jahn-polska-niemcy1858-1941-nathan-der-weise","status":"publish","type":"product","link":"https:\/\/antykilion.pl\/it\/product\/adolf-jahn-polska-niemcy1858-1941-nathan-der-weise\/","title":{"rendered":"Adolf Jahn Polska &#8211; Niemcy1858-1941, Nathan der Weise"},"content":{"rendered":"","protected":false},"excerpt":{"rendered":"<p>Adolf Jahn Polska &#8211; Niemcy1858-1941, Nathan der Weise<\/p>\n<p>Adolf Ferdinand Walter Jahn (17 grudnia 1858, Szczecin &#8211; 19 grudnia 1941, Halle) by\u0142 niemieckim rze\u017abiarzem.<\/p>\n<p>Jego ojciec, Carl Wilhelm, by\u0142 kupcem pochodz\u0105cym z Crossen an der Oder. Jego matka, Catharina z domu Burchard, by\u0142a c\u00f3rk\u0105 nauczyciela z Berlina. Oboje zmarli, gdy by\u0142 jeszcze m\u0142ody, a wychowywa\u0142a go w Berlinie siostra ojca. Po uko\u0144czeniu szko\u0142y handlowej zapisa\u0142 si\u0119 do Pruskiej Akademii Sztuk Pi\u0119knych, maj\u0105c zaledwie dziewi\u0119tna\u015bcie lat, i studiowa\u0142 rze\u017ab\u0119. Jego g\u0142\u00f3wnymi instruktorami w latach 1877-1881 byli Albert Wolff i Fritz Schaper. W tym okresie zdoby\u0142 kilka nagr\u00f3d. W latach 1882-1884 studiowa\u0142 w Wiedniu u Antona Schmidgrubera [de] i Viktora Tilgnera, a nast\u0119pnie wr\u00f3ci\u0142 do Berlina, gdzie pracowa\u0142 w pracowniach Maxa Kruse, Petera Breuera i Josepha Kaffsacka [de].<\/p>\n<p>Sam by\u0142 nauczycielem; od 1885 r. w Kr\u00f3lewskiej Pruskiej Wy\u017cszej Szkole Technicznej Przemys\u0142u Metalowego [de] w Iserlohn, a od 1892 r. w Technische Hochschule Berlin (obecnie Technische Universit\u00e4t Berlin), gdzie uczy\u0142 razem z Otto Geyerem. Rze\u017abiarka Lilli Wislicenus by\u0142a jedn\u0105 z ich uczennic.<\/p>\n<p>W 1890 r. w Wiedniu po\u015blubi\u0142 Emilie Berth\u0119 Porsch (1859-1905), c\u00f3rk\u0119 prawnika Ignaza Porscha. Zamieszkali w Berlinie, gdzie w 1891 r. otworzy\u0142 w\u0142asny warsztat. Ich jedyne dziecko, Walter Hugo Otto, urodzi\u0142o si\u0119 w 1893 r. Pozosta\u0142 nie\u017conaty po \u015bmierci Emilie i samotnie wychowywa\u0142 Waltera.<\/p>\n<p>Jego g\u0142\u00f3wnym zaj\u0119ciem by\u0142y popiersia portretowe i br\u0105zowe statuetki. W latach 1893\u20131918 corocznie bra\u0142 udzia\u0142 w Wielkiej Wystawie Sztuki w Berlinie, gdzie prezentowa\u0142 figury, popiersia i p\u0142askorze\u017aby z gipsu, marmuru i drewna, a tak\u017ce z br\u0105zu. Do jego najbardziej znanych dzie\u0142 nale\u017cy statuetka \u201eNatana M\u0105drego\u201d z dramatu o tym samym tytule autorstwa Gottholda Ephraima Lessinga. By\u0142a reprodukowana w r\u00f3\u017cnych rozmiarach, zar\u00f3wno z br\u0105zu, jak i alabastru, oraz w r\u00f3\u017cnych kolorach. Po 1913 roku by\u0142a produkowana z porcelany przez \u201eRoyal Copenhagen\u201d.<\/p>\n<p>Po I wojnie \u015bwiatowej wycofa\u0142 si\u0119 ze wszystkich dzia\u0142a\u0144 publicznych. Od 1934 roku mieszka\u0142 z synem Walterem i rodzin\u0105 w Halle, gdzie zmar\u0142 w wieku osiemdziesi\u0119ciu dw\u00f3ch lat. Zosta\u0142 pochowany na tamtejszym cmentarzu Gertraudenfriedhof [de].<\/p>\n<p>\u0179r\u00f3d\u0142a<\/p>\n<p>\u201eJahn, Adolf\u201d, w: General Encyclopedia of Fine Artists from Antiquity to the Present, Vol. 18: Hubatsch\u2013Ingouf, E. A. Seemann, Lipsk 1925<\/p>\n<p>Harold Bermann: Br\u0105zy, rze\u017abiarze i za\u0142o\u017cyciele 1800\u20131930, tom. 4, Abage, Chicago 1980, s. 950 i 1128 ISBN 978-0-88740-703-1<\/p>\n<p>James Mackay: S\u0142ownik zachodnich rze\u017abiarzy w br\u0105zie, Klub kolekcjoner\u00f3w antyk\u00f3w, 1977, s. 13-13. 198<\/p>\n<p>Brigitte H\u00fcfler: \u201eWk\u0142ad w kr\u00f3tkie biografie berli\u0144skich rze\u017abiarzy\u201d, w: Peter Bloch, Sibylle Einholz, Jutta von Simson: Ethos and Pathos. Berli\u0144ska Szko\u0142a Rze\u017aby 1786\u20131914, tom. 2, Gebr\u00fcder Mann, 1990, ISBN 3-7861-1598-2<\/p>\n<p>(po niemiecku) Eberhard Kasten: Jahn, Adolf. W: General Encyclopedia of Artists. The Visual Artists of All Times and Peoples (AKL). Tom 77, de Gruyter, Berlin 2013, ISBN 978-3-11-023182-3, s. 195<\/p>\n<p>Pochodzenie: Niemcy<\/p>\n<p>Materia\u0142: Alabaster<\/p>\n<p>Stan: bardzo dobry, normalne zu\u017cycie<\/p>\n<p>Sygnatura: A. Jahn<\/p>\n<p>Wymiary: 64 cm<\/p>\n<p>Bellissimo !!!<\/p>\n<p>Poni\u017cej link z innej aukcji<\/p>\n<p>https:\/\/www.hampel-auctions.com\/a\/Adolf-Jahn-1858-1941.html?a=120&#038;s=663&#038;id=556499&#038;q=Adolf%20Jahn<\/p>","protected":false},"featured_media":9604,"comment_status":"closed","ping_status":"closed","template":"","meta":[],"product_cat":[44,39,43],"product_tag":[],"class_list":{"0":"post-9603","1":"product","2":"type-product","3":"status-publish","4":"has-post-thumbnail","6":"product_cat-rzezba-dawna","7":"product_cat-dziela-sztuki","8":"product_cat-rzezba","10":"entry","11":"has-media","13":"first","14":"instock","15":"taxable","16":"shipping-taxable","17":"purchasable","18":"product-type-simple","19":"has-product-nav","20":"col","21":"span_1_of_3","22":"owp-content-center","23":"owp-thumbs-layout-horizontal","24":"owp-btn-normal","25":"owp-tabs-layout-horizontal"},"aioseo_notices":[],"_links":{"self":[{"href":"https:\/\/antykilion.pl\/it\/wp-json\/wp\/v2\/product\/9603","targetHints":{"allow":["GET"]}}],"collection":[{"href":"https:\/\/antykilion.pl\/it\/wp-json\/wp\/v2\/product"}],"about":[{"href":"https:\/\/antykilion.pl\/it\/wp-json\/wp\/v2\/types\/product"}],"replies":[{"embeddable":true,"href":"https:\/\/antykilion.pl\/it\/wp-json\/wp\/v2\/comments?post=9603"}],"wp:featuredmedia":[{"embeddable":true,"href":"https:\/\/antykilion.pl\/it\/wp-json\/wp\/v2\/media\/9604"}],"wp:attachment":[{"href":"https:\/\/antykilion.pl\/it\/wp-json\/wp\/v2\/media?parent=9603"}],"wp:term":[{"taxonomy":"product_cat","embeddable":true,"href":"https:\/\/antykilion.pl\/it\/wp-json\/wp\/v2\/product_cat?post=9603"},{"taxonomy":"product_tag","embeddable":true,"href":"https:\/\/antykilion.pl\/it\/wp-json\/wp\/v2\/product_tag?post=9603"}],"curies":[{"name":"wp","href":"https:\/\/api.w.org\/{rel}","templated":true}]}}