{"id":9623,"date":"2025-06-24T16:53:26","date_gmt":"2025-06-24T14:53:26","guid":{"rendered":"https:\/\/antykilion.pl\/?post_type=product&#038;p=9623"},"modified":"2026-03-22T19:51:18","modified_gmt":"2026-03-22T18:51:18","slug":"zegar-konsolowy-szafkowy-religieuse-w-typie-boullea-olbrzymi-xix-w","status":"publish","type":"product","link":"https:\/\/antykilion.pl\/it\/product\/zegar-konsolowy-szafkowy-religieuse-w-typie-boullea-olbrzymi-xix-w\/","title":{"rendered":"Zegar konsolowy, szafkowy &#8211; religieuse, w typie Boulle\u2019a olbrzymi XIX w"},"content":{"rendered":"","protected":false},"excerpt":{"rendered":"<p>Zegar konsolowy, szafkowy &#8211; religieuse, w typie Boulle\u2019a Francja, ok. 1860<\/p>\n<p>obudowa drewniana, prostopad\u0142o\u015bcienna, wsparta na 4 ugi\u0119tych n\u00f3\u017ckach z br\u0105zu, oszklona z trzech stron; od frontu mi\u0119dzy n\u00f3\u017ckami fartuszek akantowo-wolutowy, boki do\u0142em wybrzuszone; g\u00f3r\u0105 szafka zwie\u0144czona \u0142ukowo; wysoki czterospadowy daszek zwie\u0144czony figurk\u0105 skrzydlatej S\u0142awy z fanfar\u0105 w r\u0119ku; za szyb\u0105 drzwiczek widoczna tarcza z br\u0105zu, z kobaltowymi cyframi rzymskimi na emaliowanych plakietkach; po\u015brodku wyobra\u017cenie Kr\u00f3la-S\u0142o\u0144ce w\u015br\u00f3d motyw\u00f3w ro\u015blinnych; powierzchnie korpusu i daszka pokryte markieteri\u0105 z szylkretu i blachy mosi\u0119\u017cnej, z wzorami stylizowanej wici ro\u015blinnej;<\/p>\n<p>Pochodzenie: zegar konsolowy, francuski,<\/p>\n<p>Stan: bardzo dobry po przegl\u0105dzie zegarmistrza,<\/p>\n<p>Materia\u0142: br\u0105z z\u0142ocony, szylkret<\/p>\n<p>Wymiary: wysoko\u015b\u0107 85 cm, g\u0142\u0119boko\u015b\u0107\u00a0 14 cm, d\u0142ugo\u015b\u0107\u00a0 41 cm ogromny!<\/p>\n<p>Ceny takich zegar\u00f3w przewy\u017cszaj\u0105 kwot\u0119 35 000 z\u0142.<\/p>","protected":false},"featured_media":9624,"comment_status":"closed","ping_status":"closed","template":"","meta":[],"product_cat":[54,51],"product_tag":[],"class_list":{"0":"post-9623","1":"product","2":"type-product","3":"status-publish","4":"has-post-thumbnail","6":"product_cat-zegary-kominkowe","7":"product_cat-zegary","9":"entry","10":"has-media","12":"first","13":"instock","14":"taxable","15":"shipping-taxable","16":"purchasable","17":"product-type-simple","18":"has-product-nav","19":"col","20":"span_1_of_3","21":"owp-content-center","22":"owp-thumbs-layout-horizontal","23":"owp-btn-normal","24":"owp-tabs-layout-horizontal"},"aioseo_notices":[],"_links":{"self":[{"href":"https:\/\/antykilion.pl\/it\/wp-json\/wp\/v2\/product\/9623","targetHints":{"allow":["GET"]}}],"collection":[{"href":"https:\/\/antykilion.pl\/it\/wp-json\/wp\/v2\/product"}],"about":[{"href":"https:\/\/antykilion.pl\/it\/wp-json\/wp\/v2\/types\/product"}],"replies":[{"embeddable":true,"href":"https:\/\/antykilion.pl\/it\/wp-json\/wp\/v2\/comments?post=9623"}],"wp:featuredmedia":[{"embeddable":true,"href":"https:\/\/antykilion.pl\/it\/wp-json\/wp\/v2\/media\/9624"}],"wp:attachment":[{"href":"https:\/\/antykilion.pl\/it\/wp-json\/wp\/v2\/media?parent=9623"}],"wp:term":[{"taxonomy":"product_cat","embeddable":true,"href":"https:\/\/antykilion.pl\/it\/wp-json\/wp\/v2\/product_cat?post=9623"},{"taxonomy":"product_tag","embeddable":true,"href":"https:\/\/antykilion.pl\/it\/wp-json\/wp\/v2\/product_tag?post=9623"}],"curies":[{"name":"wp","href":"https:\/\/api.w.org\/{rel}","templated":true}]}}