{"id":964,"date":"2020-02-02T19:20:02","date_gmt":"2020-02-02T18:20:02","guid":{"rendered":"https:\/\/antykilion.pl\/?post_type=product&#038;p=964"},"modified":"2023-02-25T11:11:46","modified_gmt":"2023-02-25T10:11:46","slug":"antonie-frederik-zurcher-pozegnanie-xix-wiek","status":"publish","type":"product","link":"https:\/\/antykilion.pl\/it\/product\/antonie-frederik-zurcher-pozegnanie-xix-wiek\/","title":{"rendered":"Antonie Frederik Z\u00fcrcher &quot;Addio&quot; XIX secolo"},"content":{"rendered":"<p>Antonie Frederik Z\u00fcrcher (nato il 2 gennaio 1825 - 15 aprile 1876) \u00e8 stato un pittore, disegnatore, scultore e insegnante d&#039;arte olandese.<\/p>\n<p>Z\u00fcrcher \u00e8 nato a Nieuwer-Amstel come figlio maggiore di Johannes Cornelis Zurcher in una famiglia di artisti. [1] Dopo una formazione formale ad Amsterdam, divenne insegnante di disegno presso l&#039;accademia locale. Si spos\u00f2 ad Amsterdam nel 1850 e la coppia ebbe 14 figli, tra cui il pittore Johannes Wilhelm Cornelis Zurcher. Dopo la chiusura della scuola, \u00e8 stato trasferito a Maastricht, dove in seguito \u00e8 morto. [1] Anche suo fratello minore Frederik Willem Z\u00fcrcher era un pittore [1].<\/p>","protected":false},"excerpt":{"rendered":"<p>Antonie Frederik Z\u00fcrcher (ur. 2 stycznia 1825 r. &#8211; 15 kwietnia 1876 r ) &#8220;po\u017cegnanie&#8221;.<br \/>\nBellissimo dipinto di classe museale, raffigurante una scena di genere.<br \/>\nTecnica: olio su tela.<br \/>\nCondizioni: ottime, vecchia manutenzione.<br \/>\nFirma visibile nella foto.<br \/>\nInoltre, adesivi della galleria e adesivi che informano sul dipinto, incollati sulla barella.<br \/>\nDimensioni: con cornice di circa 82 cm per 109 cm<br \/>\nDi seguito sono riportate le informazioni sul pittore.<\/p>","protected":false},"featured_media":973,"comment_status":"closed","ping_status":"closed","template":"","meta":[],"product_cat":[41,39,40],"product_tag":[],"class_list":{"0":"post-964","1":"product","2":"type-product","3":"status-publish","4":"has-post-thumbnail","6":"product_cat-malarstwo-dawne","7":"product_cat-dziela-sztuki","8":"product_cat-malarstwo","10":"entry","11":"has-media","13":"first","14":"instock","15":"taxable","16":"shipping-taxable","17":"purchasable","18":"product-type-simple","19":"has-product-nav","20":"col","21":"span_1_of_3","22":"owp-content-center","23":"owp-thumbs-layout-horizontal","24":"owp-btn-normal","25":"owp-tabs-layout-horizontal"},"aioseo_notices":[],"_links":{"self":[{"href":"https:\/\/antykilion.pl\/it\/wp-json\/wp\/v2\/product\/964","targetHints":{"allow":["GET"]}}],"collection":[{"href":"https:\/\/antykilion.pl\/it\/wp-json\/wp\/v2\/product"}],"about":[{"href":"https:\/\/antykilion.pl\/it\/wp-json\/wp\/v2\/types\/product"}],"replies":[{"embeddable":true,"href":"https:\/\/antykilion.pl\/it\/wp-json\/wp\/v2\/comments?post=964"}],"wp:featuredmedia":[{"embeddable":true,"href":"https:\/\/antykilion.pl\/it\/wp-json\/wp\/v2\/media\/973"}],"wp:attachment":[{"href":"https:\/\/antykilion.pl\/it\/wp-json\/wp\/v2\/media?parent=964"}],"wp:term":[{"taxonomy":"product_cat","embeddable":true,"href":"https:\/\/antykilion.pl\/it\/wp-json\/wp\/v2\/product_cat?post=964"},{"taxonomy":"product_tag","embeddable":true,"href":"https:\/\/antykilion.pl\/it\/wp-json\/wp\/v2\/product_tag?post=964"}],"curies":[{"name":"wp","href":"https:\/\/api.w.org\/{rel}","templated":true}]}}