{"id":9681,"date":"2025-07-14T06:50:50","date_gmt":"2025-07-14T04:50:50","guid":{"rendered":"https:\/\/antykilion.pl\/?post_type=product&#038;p=9681"},"modified":"2025-07-14T06:50:50","modified_gmt":"2025-07-14T04:50:50","slug":"patera-na-nodze-okolo-1830r-piekna","status":"publish","type":"product","link":"https:\/\/antykilion.pl\/it\/product\/patera-na-nodze-okolo-1830r-piekna\/","title":{"rendered":"Patera na nodze, oko\u0142o 1830r, Pi\u0119kna!"},"content":{"rendered":"","protected":false},"excerpt":{"rendered":"<p>Patera na nodze, oko\u0142o 1830r, Pi\u0119kna!<\/p>\n<p>sygnowana na spodzie napis \u201e12\u201d (Lot), owalny kszta\u0142t z dopasowan\u0105, lekko zakrzywion\u0105 kraw\u0119dzi\u0105, dwa zakrzywione uchwyty z reliefowymi<\/p>\n<p>wolutami i dekoracj\u0105 muszli po bokach<\/p>\n<p>Wymiary: wysoko\u015b\u0107 oko\u0142o 7 cm, d\u0142ugo\u015b\u0107 oko\u0142o 25 cm szeroko\u015b\u0107 16 cm waga oko\u0142o 147 gr<\/p>\n<p>Srebro pr.750<\/p>\n<p>znaki niezidentyfikowane Polska lub Niemcy<\/p>\n<p>Stan bardzo dobry, zwyk\u0142e \u015blady u\u017cytkowania<\/p>\n<p>Bello e unico !!!<\/p>\n<p>Do ka\u017cdego przedmiotu galeria wystawia certyfikat<\/p>","protected":false},"featured_media":9682,"comment_status":"closed","ping_status":"closed","template":"","meta":[],"product_cat":[46],"product_tag":[],"class_list":{"0":"post-9681","1":"product","2":"type-product","3":"status-publish","4":"has-post-thumbnail","6":"product_cat-srebra-i-platery","8":"entry","9":"has-media","11":"first","12":"instock","13":"taxable","14":"shipping-taxable","15":"purchasable","16":"product-type-simple","17":"has-product-nav","18":"col","19":"span_1_of_3","20":"owp-content-center","21":"owp-thumbs-layout-horizontal","22":"owp-btn-normal","23":"owp-tabs-layout-horizontal"},"aioseo_notices":[],"_links":{"self":[{"href":"https:\/\/antykilion.pl\/it\/wp-json\/wp\/v2\/product\/9681","targetHints":{"allow":["GET"]}}],"collection":[{"href":"https:\/\/antykilion.pl\/it\/wp-json\/wp\/v2\/product"}],"about":[{"href":"https:\/\/antykilion.pl\/it\/wp-json\/wp\/v2\/types\/product"}],"replies":[{"embeddable":true,"href":"https:\/\/antykilion.pl\/it\/wp-json\/wp\/v2\/comments?post=9681"}],"wp:featuredmedia":[{"embeddable":true,"href":"https:\/\/antykilion.pl\/it\/wp-json\/wp\/v2\/media\/9682"}],"wp:attachment":[{"href":"https:\/\/antykilion.pl\/it\/wp-json\/wp\/v2\/media?parent=9681"}],"wp:term":[{"taxonomy":"product_cat","embeddable":true,"href":"https:\/\/antykilion.pl\/it\/wp-json\/wp\/v2\/product_cat?post=9681"},{"taxonomy":"product_tag","embeddable":true,"href":"https:\/\/antykilion.pl\/it\/wp-json\/wp\/v2\/product_tag?post=9681"}],"curies":[{"name":"wp","href":"https:\/\/api.w.org\/{rel}","templated":true}]}}