{"id":9753,"date":"2025-08-20T11:25:53","date_gmt":"2025-08-20T09:25:53","guid":{"rendered":"https:\/\/antykilion.pl\/?post_type=product&#038;p=9753"},"modified":"2025-11-03T05:25:17","modified_gmt":"2025-11-03T04:25:17","slug":"patera-z-fletem-na-kwiaty-na-nodze-secesja-okolo-1900-r-centralna-ozdoba-stolu-obledna-2","status":"publish","type":"product","link":"https:\/\/antykilion.pl\/it\/product\/patera-z-fletem-na-kwiaty-na-nodze-secesja-okolo-1900-r-centralna-ozdoba-stolu-obledna-2\/","title":{"rendered":"Patera z fletem na kwiaty na nodze, secesja oko\u0142o 1900 r, centralna ozdoba sto\u0142u ob\u0142\u0119dna"},"content":{"rendered":"","protected":false},"excerpt":{"rendered":"<p>Patera z fletem na kwiaty na nodze, secesja oko\u0142o 1900 r, centralna ozdoba sto\u0142u ob\u0142\u0119dna<\/p>\n<p>Pi\u0119knie formowane szk\u0142o<\/p>\n<p>Wymiary: wysoko\u015b\u0107 oko\u0142o 31 cm, szeroko\u015b\u0107 33 cm<\/p>\n<p>Origine: Polonia<\/p>\n<p>Stan bardzo dobry, zwyk\u0142e \u015blady u\u017cytkowania<\/p>\n<p>Bello e unico !!!<\/p>\n<p>Do ka\u017cdego przedmiotu galeria wystawia certyfikat<\/p>","protected":false},"featured_media":9754,"comment_status":"closed","ping_status":"closed","template":"","meta":[],"product_cat":[46,49],"product_tag":[],"class_list":{"0":"post-9753","1":"product","2":"type-product","3":"status-publish","4":"has-post-thumbnail","6":"product_cat-srebra-i-platery","7":"product_cat-szklo","9":"entry","10":"has-media","12":"first","13":"instock","14":"taxable","15":"shipping-taxable","16":"purchasable","17":"product-type-simple","18":"has-product-nav","19":"col","20":"span_1_of_3","21":"owp-content-center","22":"owp-thumbs-layout-horizontal","23":"owp-btn-normal","24":"owp-tabs-layout-horizontal"},"aioseo_notices":[],"_links":{"self":[{"href":"https:\/\/antykilion.pl\/it\/wp-json\/wp\/v2\/product\/9753","targetHints":{"allow":["GET"]}}],"collection":[{"href":"https:\/\/antykilion.pl\/it\/wp-json\/wp\/v2\/product"}],"about":[{"href":"https:\/\/antykilion.pl\/it\/wp-json\/wp\/v2\/types\/product"}],"replies":[{"embeddable":true,"href":"https:\/\/antykilion.pl\/it\/wp-json\/wp\/v2\/comments?post=9753"}],"wp:featuredmedia":[{"embeddable":true,"href":"https:\/\/antykilion.pl\/it\/wp-json\/wp\/v2\/media\/9754"}],"wp:attachment":[{"href":"https:\/\/antykilion.pl\/it\/wp-json\/wp\/v2\/media?parent=9753"}],"wp:term":[{"taxonomy":"product_cat","embeddable":true,"href":"https:\/\/antykilion.pl\/it\/wp-json\/wp\/v2\/product_cat?post=9753"},{"taxonomy":"product_tag","embeddable":true,"href":"https:\/\/antykilion.pl\/it\/wp-json\/wp\/v2\/product_tag?post=9753"}],"curies":[{"name":"wp","href":"https:\/\/api.w.org\/{rel}","templated":true}]}}