{"id":9756,"date":"2025-08-20T12:04:24","date_gmt":"2025-08-20T10:04:24","guid":{"rendered":"https:\/\/antykilion.pl\/?post_type=product&#038;p=9756"},"modified":"2026-03-20T09:38:00","modified_gmt":"2026-03-20T08:38:00","slug":"patera-z-fletem-na-kwiaty-na-nodze-z-okresu-secesji-okolo-1900-r-centralna-ozdoba-stolu-obledna","status":"publish","type":"product","link":"https:\/\/antykilion.pl\/it\/product\/patera-z-fletem-na-kwiaty-na-nodze-z-okresu-secesji-okolo-1900-r-centralna-ozdoba-stolu-obledna\/","title":{"rendered":"Patera z fletem na kwiaty na nodze,\u00a0 z okresu secesji oko\u0142o 1900 r, centralna ozdoba sto\u0142u ob\u0142\u0119dna"},"content":{"rendered":"","protected":false},"excerpt":{"rendered":"<p>Patera z fletem na kwiaty na nodze,\u00a0 z okresu secesji oko\u0142o 1900 r, centralna ozdoba sto\u0142u ob\u0142\u0119dna<\/p>\n<p>Pi\u0119knie formowane szk\u0142o<\/p>\n<p>Wymiary: wysoko\u015b\u0107 oko\u0142o 26 cm, szeroko\u015b\u0107 30 cm<\/p>\n<p>Origine: Polonia<\/p>\n<p>Stan bardzo dobry, zwyk\u0142e \u015blady u\u017cytkowania<\/p>\n<p>Bello e unico !!!<\/p>\n<p>Do ka\u017cdego przedmiotu galeria wystawia certyfikat<\/p>","protected":false},"featured_media":9757,"comment_status":"closed","ping_status":"closed","template":"","meta":[],"product_cat":[46],"product_tag":[],"class_list":{"0":"post-9756","1":"product","2":"type-product","3":"status-publish","4":"has-post-thumbnail","6":"product_cat-srebra-i-platery","8":"entry","9":"has-media","11":"first","12":"instock","13":"taxable","14":"shipping-taxable","15":"purchasable","16":"product-type-simple","17":"has-product-nav","18":"col","19":"span_1_of_3","20":"owp-content-center","21":"owp-thumbs-layout-horizontal","22":"owp-btn-normal","23":"owp-tabs-layout-horizontal","24":"has-no-thumbnails"},"aioseo_notices":[],"_links":{"self":[{"href":"https:\/\/antykilion.pl\/it\/wp-json\/wp\/v2\/product\/9756","targetHints":{"allow":["GET"]}}],"collection":[{"href":"https:\/\/antykilion.pl\/it\/wp-json\/wp\/v2\/product"}],"about":[{"href":"https:\/\/antykilion.pl\/it\/wp-json\/wp\/v2\/types\/product"}],"replies":[{"embeddable":true,"href":"https:\/\/antykilion.pl\/it\/wp-json\/wp\/v2\/comments?post=9756"}],"wp:featuredmedia":[{"embeddable":true,"href":"https:\/\/antykilion.pl\/it\/wp-json\/wp\/v2\/media\/9757"}],"wp:attachment":[{"href":"https:\/\/antykilion.pl\/it\/wp-json\/wp\/v2\/media?parent=9756"}],"wp:term":[{"taxonomy":"product_cat","embeddable":true,"href":"https:\/\/antykilion.pl\/it\/wp-json\/wp\/v2\/product_cat?post=9756"},{"taxonomy":"product_tag","embeddable":true,"href":"https:\/\/antykilion.pl\/it\/wp-json\/wp\/v2\/product_tag?post=9756"}],"curies":[{"name":"wp","href":"https:\/\/api.w.org\/{rel}","templated":true}]}}