{"id":980,"date":"2020-02-02T19:42:17","date_gmt":"2020-02-02T18:42:17","guid":{"rendered":"https:\/\/antykilion.pl\/?post_type=product&#038;p=980"},"modified":"2021-09-03T14:16:38","modified_gmt":"2021-09-03T12:16:38","slug":"francesco-morelli-xviii-w-akwaforta","status":"publish","type":"product","link":"https:\/\/antykilion.pl\/it\/product\/francesco-morelli-xviii-w-akwaforta\/","title":{"rendered":"FRANCESCO MORELLI XVIII in attacco"},"content":{"rendered":"<p>Acquaforte, acquaforte (italiano: acquaforte - acqua forte o acido nitrico) - tecnica grafica concava, anche una stampa ottenuta con questa tecnica. La tecnica dell&#039;acquaforte fu inventata a cavallo tra il XV e il XVI secolo e divenne popolare nel XVI secolo [1].<br \/>\nConsiste nel realizzare una lastra metallica da stampa con un disegno ottenuto per incisione. Una lastra di rame o zinco viene ricoperta con una vernice per incisione insolubile in acido e quindi viene eseguito un disegno con un ago di acciaio che rivela la superficie metallica [2]. Immergendo la lastra in acido, l&#039;imbutitura profonda sulla lastra viene incisa. Per approfondire le linee nelle parti scure del disegno, questo processo viene ripetuto pi\u00f9 volte. Dopo l&#039;ultima incisione e rimozione della vernice, l&#039;inchiostro da stampa viene strofinato sulla lastra, che rimane solo nelle depressioni incise. L&#039;inchiostro pressato nelle cavit\u00e0 incise della lastra viene trasferito sulla carta sotto pressione in una rotocalco [3].<br \/>\nL&#039;incisione \u00e8 stata utilizzata da: Albrecht D\u00fcrer, Rembrandt, Jacques Callot, Francisco Goya [4], Giovanni Battista Piranesi, James Abbott McNeill Whistler, Marc Chagall, Pablo Picasso, Taras Szewczenko, Daniel Chodowiecki, Jan Piotr Norblin, Micha\u0142 P\u0142o\u0144ski, Leonkz\u00f3\u0142o, Mehoffer, J\u00f3zef Pankiewicz, Wojciech Weiss, Zbigniew Rabsztyn, J\u00f3zef Pieni\u0105\u017cek, Magdalena Gintowt-Juchniewicz, Cezary Paszkowski, Barbara Rosiak, Leszek R\u00f3zga, Barbara Nar\u0119bska-D\u0119bska, Tadeusz Michahl Siara. Chaim Goldberg<br \/>\nLa prima incisione \u00e8 datata 1513 e il suo creatore \u00e8 l&#039;incisore svizzero Urs Graf [5]. Come risultato dello sviluppo di questa tecnica nel XVIII secolo, fu inventata un&#039;acquatinta per espandere le possibilit\u00e0 di donazione<\/p>","protected":false},"excerpt":{"rendered":"<p>FRANCESCO MORELLI (1768-1740 circa): tempio di Minerva, acquaforte<br \/>\nbella incorniciata!<br \/>\nCondizioni: ottime<br \/>\nTecnica: acquaforte - carta<br \/>\nDimensioni: incisione solo 37 cm per 47 cm, dimensione con la cornice 65 cm per 55 cm<\/p>","protected":false},"featured_media":981,"comment_status":"closed","ping_status":"closed","template":"","meta":[],"product_cat":[41,39,40],"product_tag":[],"class_list":{"0":"post-980","1":"product","2":"type-product","3":"status-publish","4":"has-post-thumbnail","6":"product_cat-malarstwo-dawne","7":"product_cat-dziela-sztuki","8":"product_cat-malarstwo","10":"entry","11":"has-media","13":"first","14":"instock","15":"taxable","16":"shipping-taxable","17":"purchasable","18":"product-type-simple","19":"has-product-nav","20":"col","21":"span_1_of_3","22":"owp-content-center","23":"owp-thumbs-layout-horizontal","24":"owp-btn-normal","25":"owp-tabs-layout-horizontal","26":"has-no-thumbnails"},"aioseo_notices":[],"_links":{"self":[{"href":"https:\/\/antykilion.pl\/it\/wp-json\/wp\/v2\/product\/980","targetHints":{"allow":["GET"]}}],"collection":[{"href":"https:\/\/antykilion.pl\/it\/wp-json\/wp\/v2\/product"}],"about":[{"href":"https:\/\/antykilion.pl\/it\/wp-json\/wp\/v2\/types\/product"}],"replies":[{"embeddable":true,"href":"https:\/\/antykilion.pl\/it\/wp-json\/wp\/v2\/comments?post=980"}],"wp:featuredmedia":[{"embeddable":true,"href":"https:\/\/antykilion.pl\/it\/wp-json\/wp\/v2\/media\/981"}],"wp:attachment":[{"href":"https:\/\/antykilion.pl\/it\/wp-json\/wp\/v2\/media?parent=980"}],"wp:term":[{"taxonomy":"product_cat","embeddable":true,"href":"https:\/\/antykilion.pl\/it\/wp-json\/wp\/v2\/product_cat?post=980"},{"taxonomy":"product_tag","embeddable":true,"href":"https:\/\/antykilion.pl\/it\/wp-json\/wp\/v2\/product_tag?post=980"}],"curies":[{"name":"wp","href":"https:\/\/api.w.org\/{rel}","templated":true}]}}