{"id":9841,"date":"2025-09-16T16:08:15","date_gmt":"2025-09-16T14:08:15","guid":{"rendered":"https:\/\/antykilion.pl\/?post_type=product&#038;p=9841"},"modified":"2025-09-16T16:08:15","modified_gmt":"2025-09-16T14:08:15","slug":"sekretera-barokowa-xviii-w-okolo-1740","status":"publish","type":"product","link":"https:\/\/antykilion.pl\/it\/product\/sekretera-barokowa-xviii-w-okolo-1740\/","title":{"rendered":"Sekretera barokowa \u00a0XVIII w oko\u0142o 1740"},"content":{"rendered":"","protected":false},"excerpt":{"rendered":"<p>Sekretera barokowa \u00a0XVIII w oko\u0142o 1740<\/p>\n<p>Sekretera\u00a0z komod\u0105, trzyszufladow\u0105 podstaw\u0105, u g\u00f3ry ze sko\u015bnie nachylon\u0105, odk\u0142adan\u0105 klap\u0105, o prostych bokach i falistym froncie, wsparta na konsolowych nogach wyci\u0119tych w profilowanej listwie coko\u0142owej; fornirowana, intarsjowana orzechem i politurowana. Ca\u0142o\u015b\u0107 dekorowana polami ramowanymi \u017cy\u0142k\u0105 i obramieniem, wype\u0142nionymi wzorzystym orzechem. Klapa, po od\u0142o\u017ceniu, wsparta na listwowych, wysuwanych podp\u00f3rkach, wyklejona sk\u00f3r\u0105 orginaln\u0105. Wewn\u0105trz wn\u0119ka \u015arodkowa z p\u00f3\u0142k\u0105 uj\u0119ta sze\u015bcioma szufladkami. Szyldy zamk\u00f3w i uchwyt\u00f3w w formie asymetrycznego kartusza z\u0142o\u017conego z motyw\u00f3w rocaille, z br\u0105zu z\u0142oconego; antaby odlewane.\u00a0 Zamki stalowe, przyk\u0142adano-wpuszczane, jednoryglowe w klapie dwuryglowe<\/p>\n<p>Forma i dekoracja sekretery, mebla do pisania. Jest p\u00f3\u017anym przyk\u0142adem stylu barokowego z elementami rokoka, kt\u00f3ry na terenie Europy \u015arodkowej, a szczeg\u00f3lnie na prowincji, utrzymywa\u0142 si\u0119 d\u0142ugo, nawet do ko\u0144ca XVIII w.<\/p>\n<p>Mebel ten wykonany zosta\u0142 rzemie\u015blniczo, z du\u017c\u0105 bieg\u0142o\u015bci\u0105 warsztatow\u0105. Oryginalno\u015b\u0107 mebla potwierdzaj\u0105 \u015blady r\u0119cznej obr\u00f3bki.<\/p>\n<p>Pochodzenie: Europa Polska Niemcy<\/p>\n<p>Stan\u00a0 bardzo dobry, po profesjonalnej konserwacji zachowawczej do wgl\u0105du zdj\u0119cia przed renowacj\u0105<\/p>\n<p>Wymiary: wysoko\u015b\u0107 112 cm, d\u0142ugo\u015b\u0107 107 cm, g\u0142\u0119boko\u015b\u0107 oko\u0142o 60 cm<\/p>\n<p>Materia\u0142: forniry orzecha, mahonia<\/p>\n<p>mebel dziewiczy stan,\u00a0 okazja cenowa !!!<\/p>","protected":false},"featured_media":9842,"comment_status":"closed","ping_status":"closed","template":"","meta":[],"product_cat":[31],"product_tag":[],"class_list":{"0":"post-9841","1":"product","2":"type-product","3":"status-publish","4":"has-post-thumbnail","6":"product_cat-sekretery-sekretarzyki-biurka","8":"entry","9":"has-media","11":"first","12":"instock","13":"taxable","14":"shipping-taxable","15":"purchasable","16":"product-type-simple","17":"has-product-nav","18":"col","19":"span_1_of_3","20":"owp-content-center","21":"owp-thumbs-layout-horizontal","22":"owp-btn-normal","23":"owp-tabs-layout-horizontal"},"aioseo_notices":[],"_links":{"self":[{"href":"https:\/\/antykilion.pl\/it\/wp-json\/wp\/v2\/product\/9841","targetHints":{"allow":["GET"]}}],"collection":[{"href":"https:\/\/antykilion.pl\/it\/wp-json\/wp\/v2\/product"}],"about":[{"href":"https:\/\/antykilion.pl\/it\/wp-json\/wp\/v2\/types\/product"}],"replies":[{"embeddable":true,"href":"https:\/\/antykilion.pl\/it\/wp-json\/wp\/v2\/comments?post=9841"}],"wp:featuredmedia":[{"embeddable":true,"href":"https:\/\/antykilion.pl\/it\/wp-json\/wp\/v2\/media\/9842"}],"wp:attachment":[{"href":"https:\/\/antykilion.pl\/it\/wp-json\/wp\/v2\/media?parent=9841"}],"wp:term":[{"taxonomy":"product_cat","embeddable":true,"href":"https:\/\/antykilion.pl\/it\/wp-json\/wp\/v2\/product_cat?post=9841"},{"taxonomy":"product_tag","embeddable":true,"href":"https:\/\/antykilion.pl\/it\/wp-json\/wp\/v2\/product_tag?post=9841"}],"curies":[{"name":"wp","href":"https:\/\/api.w.org\/{rel}","templated":true}]}}