{"id":9884,"date":"2025-09-25T11:09:08","date_gmt":"2025-09-25T09:09:08","guid":{"rendered":"https:\/\/antykilion.pl\/?post_type=product&#038;p=9884"},"modified":"2025-09-25T11:09:10","modified_gmt":"2025-09-25T09:09:10","slug":"para-2-swiecowych-kandelabrow-w-manierze-ludwika-xvi-xix-w-okolo-1870-r","status":"publish","type":"product","link":"https:\/\/antykilion.pl\/it\/product\/para-2-swiecowych-kandelabrow-w-manierze-ludwika-xvi-xix-w-okolo-1870-r\/","title":{"rendered":"Para 2 \u015bwiecowych, kandelabr\u00f3w \u00a0w manierze Ludwika XVI XIX w oko\u0142o 1870 r"},"content":{"rendered":"","protected":false},"excerpt":{"rendered":"<p>Para 2 \u015bwiecowych, kandelabr\u00f3w \u00a0w manierze Ludwika XVI XIX w oko\u0142o 1870 r<\/p>\n<p>Kandelabry w formie waz z bukietami r\u00f3\u017c. Ob\u0142\u0119dne !!!<\/p>\n<p>Materia\u0142: Br\u0105z z\u0142ocony, marmur<\/p>\n<p>Wymiary: Wysoko\u015b\u0107 35 cm. szeroko\u015b\u0107\u00a0 oko\u0142o 20 cm<\/p>\n<p>Stan: bardzo dobry. Pi\u0119kne !!!<\/p>","protected":false},"featured_media":9885,"comment_status":"closed","ping_status":"closed","template":"","meta":[],"product_cat":[47],"product_tag":[],"class_list":{"0":"post-9884","1":"product","2":"type-product","3":"status-publish","4":"has-post-thumbnail","6":"product_cat-oswietlenie","8":"entry","9":"has-media","11":"first","12":"instock","13":"taxable","14":"shipping-taxable","15":"purchasable","16":"product-type-simple","17":"has-product-nav","18":"col","19":"span_1_of_3","20":"owp-content-center","21":"owp-thumbs-layout-horizontal","22":"owp-btn-normal","23":"owp-tabs-layout-horizontal"},"aioseo_notices":[],"_links":{"self":[{"href":"https:\/\/antykilion.pl\/it\/wp-json\/wp\/v2\/product\/9884","targetHints":{"allow":["GET"]}}],"collection":[{"href":"https:\/\/antykilion.pl\/it\/wp-json\/wp\/v2\/product"}],"about":[{"href":"https:\/\/antykilion.pl\/it\/wp-json\/wp\/v2\/types\/product"}],"replies":[{"embeddable":true,"href":"https:\/\/antykilion.pl\/it\/wp-json\/wp\/v2\/comments?post=9884"}],"wp:featuredmedia":[{"embeddable":true,"href":"https:\/\/antykilion.pl\/it\/wp-json\/wp\/v2\/media\/9885"}],"wp:attachment":[{"href":"https:\/\/antykilion.pl\/it\/wp-json\/wp\/v2\/media?parent=9884"}],"wp:term":[{"taxonomy":"product_cat","embeddable":true,"href":"https:\/\/antykilion.pl\/it\/wp-json\/wp\/v2\/product_cat?post=9884"},{"taxonomy":"product_tag","embeddable":true,"href":"https:\/\/antykilion.pl\/it\/wp-json\/wp\/v2\/product_tag?post=9884"}],"curies":[{"name":"wp","href":"https:\/\/api.w.org\/{rel}","templated":true}]}}