{"id":9890,"date":"2025-09-25T13:05:57","date_gmt":"2025-09-25T11:05:57","guid":{"rendered":"https:\/\/antykilion.pl\/?post_type=product&#038;p=9890"},"modified":"2025-09-25T13:06:02","modified_gmt":"2025-09-25T11:06:02","slug":"zardiniera-sygnowana-xx-okolo-1900-r-sliczna","status":"publish","type":"product","link":"https:\/\/antykilion.pl\/it\/product\/zardiniera-sygnowana-xx-okolo-1900-r-sliczna\/","title":{"rendered":"\u017bardiniera sygnowana XX oko\u0142o 1900 r \u015bliczna"},"content":{"rendered":"","protected":false},"excerpt":{"rendered":"<p>\u017bardiniera sygnowana XX oko\u0142o 1900 r \u015bliczna<\/p>\n<p>Pi\u0119kny przedmiot na \u015brodek sto\u0142u do ekspozycji kwiat\u00f3w lub owoc\u00f3w s\u0142odyczy<\/p>\n<p>Wymiary: wysoko\u015b\u0107 12 cm, d\u0142ugo\u015b\u0107 40 cm<\/p>\n<p>Materia\u0142: Plater na mosi\u0105dzu, szk\u0142o<\/p>\n<p>Stan bardzo dobry orginalny wk\u0142ad<\/p>\n<p>Sygnatura; Na spodzie niestety trudna do odczytania<\/p>\n<p>Do ka\u017cdego przedmiotu galeria wystawia certyfikat<\/p>","protected":false},"featured_media":9891,"comment_status":"closed","ping_status":"closed","template":"","meta":[],"product_cat":[46,49],"product_tag":[],"class_list":{"0":"post-9890","1":"product","2":"type-product","3":"status-publish","4":"has-post-thumbnail","6":"product_cat-srebra-i-platery","7":"product_cat-szklo","9":"entry","10":"has-media","12":"first","13":"instock","14":"taxable","15":"shipping-taxable","16":"purchasable","17":"product-type-simple","18":"has-product-nav","19":"col","20":"span_1_of_3","21":"owp-content-center","22":"owp-thumbs-layout-horizontal","23":"owp-btn-normal","24":"owp-tabs-layout-horizontal"},"aioseo_notices":[],"_links":{"self":[{"href":"https:\/\/antykilion.pl\/it\/wp-json\/wp\/v2\/product\/9890","targetHints":{"allow":["GET"]}}],"collection":[{"href":"https:\/\/antykilion.pl\/it\/wp-json\/wp\/v2\/product"}],"about":[{"href":"https:\/\/antykilion.pl\/it\/wp-json\/wp\/v2\/types\/product"}],"replies":[{"embeddable":true,"href":"https:\/\/antykilion.pl\/it\/wp-json\/wp\/v2\/comments?post=9890"}],"wp:featuredmedia":[{"embeddable":true,"href":"https:\/\/antykilion.pl\/it\/wp-json\/wp\/v2\/media\/9891"}],"wp:attachment":[{"href":"https:\/\/antykilion.pl\/it\/wp-json\/wp\/v2\/media?parent=9890"}],"wp:term":[{"taxonomy":"product_cat","embeddable":true,"href":"https:\/\/antykilion.pl\/it\/wp-json\/wp\/v2\/product_cat?post=9890"},{"taxonomy":"product_tag","embeddable":true,"href":"https:\/\/antykilion.pl\/it\/wp-json\/wp\/v2\/product_tag?post=9890"}],"curies":[{"name":"wp","href":"https:\/\/api.w.org\/{rel}","templated":true}]}}