{"id":9928,"date":"2025-09-28T12:37:53","date_gmt":"2025-09-28T10:37:53","guid":{"rendered":"https:\/\/antykilion.pl\/?post_type=product&#038;p=9928"},"modified":"2025-09-28T12:37:54","modified_gmt":"2025-09-28T10:37:54","slug":"ogromny-serwis-obiadowy-12-osob-limoges-z-piekna-historia-pochodzenia","status":"publish","type":"product","link":"https:\/\/antykilion.pl\/it\/product\/ogromny-serwis-obiadowy-12-osob-limoges-z-piekna-historia-pochodzenia\/","title":{"rendered":"Ogromny Serwis obiadowy 12 os\u00f3b Limoges Z pi\u0119kn\u0105 histori\u0105 pochodzenia !!!"},"content":{"rendered":"","protected":false},"excerpt":{"rendered":"<p>Ogromny Serwis obiadowy 12 os\u00f3b Limoges Z pi\u0119kn\u0105 histori\u0105 pochodzenia !!!<\/p>\n<p>Dekorowany w r\u00f3\u017cowe r\u00f3\u017ce i niebieskie kwiatki, \u015bliczny,<\/p>\n<p>Zestaw 56 element\u00f3w, Haviland (Limoges, Francja), sprzedawany przez Kristall-Magasinet w Helsinkach. Pocz\u0105tek XX wieku. Dekoracja z r\u00f3\u017cami. Pochodzenie: Rodzina Baumgartner\u00f3w, w\u0142a\u015bciciele firmy le\u015bnej Stockfors Ab (Oy Stockfors Ab).<\/p>\n<p>Podobno, prominentne osobisto\u015bci, takie jak Carl Gustaf Emil Mannerheim, hrabina Nan<\/p>\n<p>Baumgartner i hrabia Carl-Johan Creutz (hrabina nr 1 w<\/p>\n<p>Finlandii), spo\u017cywa\u0142y obiady na tej porcelanie podczas swoich wizyt na farmie Brakila w Karelii.<\/p>\n<p>11 talerzy, \u015brednica 24,5 cm<\/p>\n<p>12 g\u0142\u0119bokich talerzy, \u015brednica 24 cm<\/p>\n<p>13 talerzy, \u015brednica 22 cm<\/p>\n<p>9 p\u00f3\u0142misk\u00f3w, \u015brednica 17,5 cm<\/p>\n<p>2 owalne talerze, d\u0142ugo\u015b\u0107 21,5 cm<\/p>\n<p>1 szczypta sosu na spodku, d\u0142ugo\u015b\u0107 21 cm<\/p>\n<p>1 owalna taca, d\u0142ugo\u015b\u0107 37 cm<\/p>\n<p>1 pojemnik na sos z pokrywk\u0105, d\u0142ugo\u015b\u0107 22,5 cm (mniejsza pokrywka nie jest wymagana)<\/p>\n<p>1 okr\u0105g\u0142y p\u00f3\u0142misek, \u015brednica 31,5 cm<\/p>\n<p>1 terrina z pokrywk\u0105, d\u0142ugo\u015b\u0107 28 cm<\/p>\n<p>2 owalne talerze do serwowania, d\u0142ugo\u015b\u0107 36-41,5 cm<\/p>\n<p>2 owalne p\u00f3\u0142miski do ryb, d\u0142ugo\u015b\u0107 47-53 cm<\/p>\n<p>Ottime condizioni<\/p>","protected":false},"featured_media":9929,"comment_status":"closed","ping_status":"closed","template":"","meta":[],"product_cat":[50],"product_tag":[],"class_list":{"0":"post-9928","1":"product","2":"type-product","3":"status-publish","4":"has-post-thumbnail","6":"product_cat-porcelana-i-fajans","8":"entry","9":"has-media","11":"first","12":"instock","13":"taxable","14":"shipping-taxable","15":"purchasable","16":"product-type-simple","17":"has-product-nav","18":"col","19":"span_1_of_3","20":"owp-content-center","21":"owp-thumbs-layout-horizontal","22":"owp-btn-normal","23":"owp-tabs-layout-horizontal"},"aioseo_notices":[],"_links":{"self":[{"href":"https:\/\/antykilion.pl\/it\/wp-json\/wp\/v2\/product\/9928","targetHints":{"allow":["GET"]}}],"collection":[{"href":"https:\/\/antykilion.pl\/it\/wp-json\/wp\/v2\/product"}],"about":[{"href":"https:\/\/antykilion.pl\/it\/wp-json\/wp\/v2\/types\/product"}],"replies":[{"embeddable":true,"href":"https:\/\/antykilion.pl\/it\/wp-json\/wp\/v2\/comments?post=9928"}],"wp:featuredmedia":[{"embeddable":true,"href":"https:\/\/antykilion.pl\/it\/wp-json\/wp\/v2\/media\/9929"}],"wp:attachment":[{"href":"https:\/\/antykilion.pl\/it\/wp-json\/wp\/v2\/media?parent=9928"}],"wp:term":[{"taxonomy":"product_cat","embeddable":true,"href":"https:\/\/antykilion.pl\/it\/wp-json\/wp\/v2\/product_cat?post=9928"},{"taxonomy":"product_tag","embeddable":true,"href":"https:\/\/antykilion.pl\/it\/wp-json\/wp\/v2\/product_tag?post=9928"}],"curies":[{"name":"wp","href":"https:\/\/api.w.org\/{rel}","templated":true}]}}