{"id":9952,"date":"2025-09-28T15:23:03","date_gmt":"2025-09-28T13:23:03","guid":{"rendered":"https:\/\/antykilion.pl\/?post_type=product&#038;p=9952"},"modified":"2025-10-04T16:23:42","modified_gmt":"2025-10-04T14:23:42","slug":"filizanka-sevres-xviii-w-1764-rok-rzadkosc","status":"publish","type":"product","link":"https:\/\/antykilion.pl\/it\/product\/filizanka-sevres-xviii-w-1764-rok-rzadkosc\/","title":{"rendered":"Fili\u017canka Sevres, XVIII w 1764 rok rzadko\u015b\u0107 !!!"},"content":{"rendered":"","protected":false},"excerpt":{"rendered":"<p>Fili\u017canka Sevres, XVIII w 1764 rok rzadko\u015b\u0107 !!!<\/p>\n<p>Oznaczenie liter\u0105 L rok 1764<\/p>\n<p>stan: dobry przy rancie naprawiony milimetrowy odprysk, stara naprawa<\/p>\n<p>Okazja !!!<\/p>","protected":false},"featured_media":9953,"comment_status":"closed","ping_status":"closed","template":"","meta":[],"product_cat":[50],"product_tag":[],"class_list":{"0":"post-9952","1":"product","2":"type-product","3":"status-publish","4":"has-post-thumbnail","6":"product_cat-porcelana-i-fajans","8":"entry","9":"has-media","11":"first","12":"instock","13":"taxable","14":"shipping-taxable","15":"purchasable","16":"product-type-simple","17":"has-product-nav","18":"col","19":"span_1_of_3","20":"owp-content-center","21":"owp-thumbs-layout-horizontal","22":"owp-btn-normal","23":"owp-tabs-layout-horizontal"},"aioseo_notices":[],"_links":{"self":[{"href":"https:\/\/antykilion.pl\/it\/wp-json\/wp\/v2\/product\/9952","targetHints":{"allow":["GET"]}}],"collection":[{"href":"https:\/\/antykilion.pl\/it\/wp-json\/wp\/v2\/product"}],"about":[{"href":"https:\/\/antykilion.pl\/it\/wp-json\/wp\/v2\/types\/product"}],"replies":[{"embeddable":true,"href":"https:\/\/antykilion.pl\/it\/wp-json\/wp\/v2\/comments?post=9952"}],"wp:featuredmedia":[{"embeddable":true,"href":"https:\/\/antykilion.pl\/it\/wp-json\/wp\/v2\/media\/9953"}],"wp:attachment":[{"href":"https:\/\/antykilion.pl\/it\/wp-json\/wp\/v2\/media?parent=9952"}],"wp:term":[{"taxonomy":"product_cat","embeddable":true,"href":"https:\/\/antykilion.pl\/it\/wp-json\/wp\/v2\/product_cat?post=9952"},{"taxonomy":"product_tag","embeddable":true,"href":"https:\/\/antykilion.pl\/it\/wp-json\/wp\/v2\/product_tag?post=9952"}],"curies":[{"name":"wp","href":"https:\/\/api.w.org\/{rel}","templated":true}]}}