{"id":9958,"date":"2025-09-28T15:47:23","date_gmt":"2025-09-28T13:47:23","guid":{"rendered":"https:\/\/antykilion.pl\/?post_type=product&#038;p=9958"},"modified":"2026-04-12T19:26:09","modified_gmt":"2026-04-12T17:26:09","slug":"wazon-porcelana-paryska-xix-w-okolo-1870-r","status":"publish","type":"product","link":"https:\/\/antykilion.pl\/it\/product\/wazon-porcelana-paryska-xix-w-okolo-1870-r\/","title":{"rendered":"WAZON, porcelana Paryska XIX w oko\u0142o 1870 r"},"content":{"rendered":"","protected":false},"excerpt":{"rendered":"<p>WAZON, porcelana Paryska XIX w oko\u0142o 1870 r<\/p>\n<p>Wazon kobaltowy z dekoracj\u0105 w postaci scenki romantycznej\u00a0 Niebieski obraz ze stylizowanymi kwiatami, owocami i ptakami. Korpus \u017cebrowany, wieczko z r\u0105czk\u0105 w kszta\u0142cie psa.<\/p>\n<p>Materia\u0142: Fajans (glina kremowa), kobalt podszkliwny, szkliwo cynowe<\/p>\n<p>Sygnatura: wyciskana widoczna na jednym z zdj\u0119\u0107<\/p>\n<p>Wymiary: wys. 40 cm,<\/p>\n<p>stan zachowania: bardzo dobry minimalne \u015blady u\u017cytkowania<\/p>","protected":false},"featured_media":9959,"comment_status":"closed","ping_status":"closed","template":"","meta":[],"product_cat":[50],"product_tag":[],"class_list":{"0":"post-9958","1":"product","2":"type-product","3":"status-publish","4":"has-post-thumbnail","6":"product_cat-porcelana-i-fajans","8":"entry","9":"has-media","11":"first","12":"instock","13":"taxable","14":"shipping-taxable","15":"purchasable","16":"product-type-simple","17":"has-product-nav","18":"col","19":"span_1_of_3","20":"owp-content-center","21":"owp-thumbs-layout-horizontal","22":"owp-btn-normal","23":"owp-tabs-layout-horizontal"},"aioseo_notices":[],"_links":{"self":[{"href":"https:\/\/antykilion.pl\/it\/wp-json\/wp\/v2\/product\/9958","targetHints":{"allow":["GET"]}}],"collection":[{"href":"https:\/\/antykilion.pl\/it\/wp-json\/wp\/v2\/product"}],"about":[{"href":"https:\/\/antykilion.pl\/it\/wp-json\/wp\/v2\/types\/product"}],"replies":[{"embeddable":true,"href":"https:\/\/antykilion.pl\/it\/wp-json\/wp\/v2\/comments?post=9958"}],"wp:featuredmedia":[{"embeddable":true,"href":"https:\/\/antykilion.pl\/it\/wp-json\/wp\/v2\/media\/9959"}],"wp:attachment":[{"href":"https:\/\/antykilion.pl\/it\/wp-json\/wp\/v2\/media?parent=9958"}],"wp:term":[{"taxonomy":"product_cat","embeddable":true,"href":"https:\/\/antykilion.pl\/it\/wp-json\/wp\/v2\/product_cat?post=9958"},{"taxonomy":"product_tag","embeddable":true,"href":"https:\/\/antykilion.pl\/it\/wp-json\/wp\/v2\/product_tag?post=9958"}],"curies":[{"name":"wp","href":"https:\/\/api.w.org\/{rel}","templated":true}]}}