{"id":9972,"date":"2025-09-28T16:31:22","date_gmt":"2025-09-28T14:31:22","guid":{"rendered":"https:\/\/antykilion.pl\/?post_type=product&#038;p=9972"},"modified":"2025-09-28T16:31:22","modified_gmt":"2025-09-28T14:31:22","slug":"muzealny-zegar-barokowy-morbier-xviii-w-okolo-1740-r-piekny","status":"publish","type":"product","link":"https:\/\/antykilion.pl\/it\/product\/muzealny-zegar-barokowy-morbier-xviii-w-okolo-1740-r-piekny\/","title":{"rendered":"Muzealny zegar Barokowy Morbier XVIII w oko\u0142o 1740 r piekny!!!"},"content":{"rendered":"","protected":false},"excerpt":{"rendered":"<p>Muzealny zegar Barokowy Morbier XVIII w oko\u0142o 1740 r piekny!!!<\/p>\n<p>Zegar pod\u0142ogowy- szafowy<\/p>\n<p>Barokowy zegar stoj\u0105cy, XVIII wiek, orzech, intarsjowane paski ze wszystkich stron, \u0142ukowata tarcza zegara z przeszklonymi drzwiczkami, mechanizm Comtoise z wyt\u0142oczonym obramowaniem tarczy, tarcza z rzymskiej emalii, sk\u0142adane wahad\u0142o, nakr\u0119cany dwoma \u017celaznymi ci\u0119\u017carkami i oryginalnym kluczem korbowym,<\/p>\n<p>Zegar, kt\u00f3ry bije dwa razy na godzin\u0119, to najprawdopodobniej<\/p>\n<p>zegar typu Morbier<\/p>\n<p>\u2013 historyczny typ zegara wahad\u0142owego, w kt\u00f3rym dodatkowe bicie dzwonka przy godzinie mia\u0142a na celu uchwycenie dok\u0142adnej chwili lub przypomnienie o modlitwie.\u00a0Zjawisko to jest te\u017c cz\u0119\u015bci\u0105 powiedzenia\u00a0&#8220;zepsuty zegar dwa razy dziennie wskazuje w\u0142a\u015bciw\u0105 godzin\u0119&#8221;.<\/p>\n<p>Zegary typu Morbier<\/p>\n<p>Charakterystyka:<\/p>\n<p>S\u0105 to zazwyczaj zegary wahad\u0142owe z mechanicznym mechanizmem i charakterystycznymi, widocznymi z zewn\u0105trz ko\u0142ami z\u0119batymi.<\/p>\n<p>Podw\u00f3jne bicie:<\/p>\n<p>Ich unikatow\u0105 cech\u0105 jest to, \u017ce wybija\u0142y godzin\u0119 dwa razy, np. o godzinie drugiej, dwa razy zadzwoni\u0142 dzwonek.<\/p>\n<p>Powody podw\u00f3jnego bicia:<\/p>\n<p>Dok\u0142adno\u015b\u0107:\u00a0Jedna z teorii sugeruje, \u017ce drugie uderzenie mia\u0142o pom\u00f3c w precyzyjnym ustaleniu godziny.<\/p>\n<p>Religijne znaczenie:\u00a0Drugim powodem mia\u0142o by\u0107 przypominanie wiernym o modlitwie.<\/p>\n<p>Materia\u0142: maho\u0144, r\u00f3\u017cnego rodzaju forniry<\/p>\n<p>Wymiary: wys. 202 cm, szer. 53 cm, g\u0142\u0119b. 29 cm.<\/p>\n<p>Pochodzenie: Polska lub Niemcy<\/p>\n<p>Niezwykle efektowny przyk\u0142ad najbardziej luksusowego zegara.<\/p>\n<p>Bello fa impressione !!!<\/p>\n<p>Zegar po przegl\u0105dzie zegarmistrzowskim<\/p>","protected":false},"featured_media":9973,"comment_status":"closed","ping_status":"closed","template":"","meta":[],"product_cat":[52,51],"product_tag":[],"class_list":{"0":"post-9972","1":"product","2":"type-product","3":"status-publish","4":"has-post-thumbnail","6":"product_cat-zegary-stojace","7":"product_cat-zegary","9":"entry","10":"has-media","12":"first","13":"instock","14":"taxable","15":"shipping-taxable","16":"purchasable","17":"product-type-simple","18":"has-product-nav","19":"col","20":"span_1_of_3","21":"owp-content-center","22":"owp-thumbs-layout-horizontal","23":"owp-btn-normal","24":"owp-tabs-layout-horizontal"},"aioseo_notices":[],"_links":{"self":[{"href":"https:\/\/antykilion.pl\/it\/wp-json\/wp\/v2\/product\/9972","targetHints":{"allow":["GET"]}}],"collection":[{"href":"https:\/\/antykilion.pl\/it\/wp-json\/wp\/v2\/product"}],"about":[{"href":"https:\/\/antykilion.pl\/it\/wp-json\/wp\/v2\/types\/product"}],"replies":[{"embeddable":true,"href":"https:\/\/antykilion.pl\/it\/wp-json\/wp\/v2\/comments?post=9972"}],"wp:featuredmedia":[{"embeddable":true,"href":"https:\/\/antykilion.pl\/it\/wp-json\/wp\/v2\/media\/9973"}],"wp:attachment":[{"href":"https:\/\/antykilion.pl\/it\/wp-json\/wp\/v2\/media?parent=9972"}],"wp:term":[{"taxonomy":"product_cat","embeddable":true,"href":"https:\/\/antykilion.pl\/it\/wp-json\/wp\/v2\/product_cat?post=9972"},{"taxonomy":"product_tag","embeddable":true,"href":"https:\/\/antykilion.pl\/it\/wp-json\/wp\/v2\/product_tag?post=9972"}],"curies":[{"name":"wp","href":"https:\/\/api.w.org\/{rel}","templated":true}]}}